{"id":990,"date":"2021-02-09T16:16:56","date_gmt":"2021-02-09T16:16:56","guid":{"rendered":"https:\/\/web.jaumebuxeda.cat\/?page_id=990"},"modified":"2024-05-20T16:51:29","modified_gmt":"2024-05-20T16:51:29","slug":"condicions-de-privacitat","status":"publish","type":"page","link":"https:\/\/jaumebuxeda.cat\/gb\/condicions-de-privacitat","title":{"rendered":"Condiciones de privacidad"},"content":{"rendered":"<h2>Condiciones de privacidad<\/h2>\n<p>Solo usamos sus datos para responder a las consultas realizadas.<\/p>\n<p>Si como usuario de esta web comenta un post, manda un correo a trav\u00e9s del formulario de contacto, estar\u00e1 facilitando informaci\u00f3n de car\u00e1cter personal que se incorporar\u00e1 al fichero de nuestra \u00a0titularidad.<\/p>\n<p>Tambi\u00e9n se recogen datos\u00a0<b>no identificativos<\/b>\u00a0a trav\u00e9s de las cookies, cuyas condiciones puedes comprobar en la\u00a0<a href=\"http:\/\/jaumebuxeda.cat\/es\/politica-de-cookies\">Pol\u00edtica de Cookies<\/a>.<\/p>\n<p>&nbsp;<\/p>\n<h2><b>Servicios de Terceros<\/b><\/h2>\n<p><b>Hosting:<\/b>\u00a01<span class=\"ampersand\">&#038;<\/span>1 Internet Espa\u00f1a, S.L.U. Con sede en Avenida de La Vega, 1 \u2013 Edificio Veganova (Edif.3 planta 5\u00ba puerta C) 28108, Alcobendas (Madrid) Espa\u00f1a<\/p>\n<p>y puedes consultar aqu\u00ed su\u00a0<a href=\"https:\/\/www.1and1.es\/terms-gtc\/terms-privacy\/\">pol\u00edtica de privacidad<\/a>.<\/p>\n<p><b>Plataforma web<\/b>:\u00a0WordPress.org, cuya pol\u00edtica de privacidad puedes consultar\u00a0<a href=\"https:\/\/automattic.com\/privacy\/\">aqu\u00ed<\/a>.<\/p>\n<h2><b>Aceptaci\u00f3n y consentimiento<\/b><\/h2>\n<p>Si ha facilitado los datos por alguno de los medios indicados se entiende que ha le\u00eddo y aceptado esta pol\u00edtica de privacidad \/a trav\u00e9s del checkbox), consintiendo de ese modo el tratamiento de los datos facilitados en la forma y para las finalidades previstas.<\/p>\n<p>Puede solicitar su petici\u00f3n para ejercer los derechos de acceso, retificaci\u00f3n, cancelaci\u00f3n y oposici\u00f3n a trav\u00e9s del correo electr\u00f3nico:\u00a0info@jaumebuxeda.cat<\/p>\n","protected":false},"excerpt":{"rendered":"<p>Condiciones de privacidad Solo usamos sus datos para responder a las consultas realizadas. Si como usuario de esta web comenta un post, manda un correo a trav\u00e9s del formulario de contacto, estar\u00e1 facilitando informaci\u00f3n de car\u00e1cter personal que se incorporar\u00e1 al fichero de nuestra \u00a0titularidad. Tambi\u00e9n se recogen datos\u00a0no identificativos\u00a0a trav\u00e9s de las cookies, cuyas&hellip;<\/p>\n","protected":false},"author":1,"featured_media":0,"parent":0,"menu_order":0,"comment_status":"closed","ping_status":"closed","template":"","meta":{"footnotes":""},"class_list":["post-990","page","type-page","status-publish","hentry","description-off"],"translation":{"provider":"WPGlobus","version":"3.0.2","language":"gb","enabled_languages":["ca","es","gb"],"languages":{"ca":{"title":true,"content":true,"excerpt":false},"es":{"title":true,"content":true,"excerpt":false},"gb":{"title":true,"content":true,"excerpt":false}}},"_links":{"self":[{"href":"https:\/\/jaumebuxeda.cat\/gb\/wp-json\/wp\/v2\/pages\/990"}],"collection":[{"href":"https:\/\/jaumebuxeda.cat\/gb\/wp-json\/wp\/v2\/pages"}],"about":[{"href":"https:\/\/jaumebuxeda.cat\/gb\/wp-json\/wp\/v2\/types\/page"}],"author":[{"embeddable":true,"href":"https:\/\/jaumebuxeda.cat\/gb\/wp-json\/wp\/v2\/users\/1"}],"replies":[{"embeddable":true,"href":"https:\/\/jaumebuxeda.cat\/gb\/wp-json\/wp\/v2\/comments?post=990"}],"version-history":[{"count":1,"href":"https:\/\/jaumebuxeda.cat\/gb\/wp-json\/wp\/v2\/pages\/990\/revisions"}],"predecessor-version":[{"id":991,"href":"https:\/\/jaumebuxeda.cat\/gb\/wp-json\/wp\/v2\/pages\/990\/revisions\/991"}],"wp:attachment":[{"href":"https:\/\/jaumebuxeda.cat\/gb\/wp-json\/wp\/v2\/media?parent=990"}],"curies":[{"name":"wp","href":"https:\/\/api.w.org\/{rel}","templated":true}]}}