{"id":986,"date":"2021-02-09T16:09:50","date_gmt":"2021-02-09T16:09:50","guid":{"rendered":"https:\/\/web.jaumebuxeda.cat\/?page_id=986"},"modified":"2024-05-20T16:51:47","modified_gmt":"2024-05-20T16:51:47","slug":"bio","status":"publish","type":"page","link":"https:\/\/jaumebuxeda.cat\/gb\/bio","title":{"rendered":"Bio"},"content":{"rendered":"<div class=\"wpb-content-wrapper\"><p>[vc_row][vc_column width=&#8221;1\/4&#8243;][vc_single_image image=&#8221;771&#8243; img_size=&#8221;full&#8221;][\/vc_column][vc_column width=&#8221;3\/4&#8243;]<div class=\"hr-thin style-double\" style=\"width: 100%;border-top-width: 3px;\"><\/div>[vc_tta_tabs active_section=&#8221;1&#8243;][vc_tta_section i_icon_fontawesome=&#8221;fa fa-user-o&#8221; add_icon=&#8221;true&#8221; title=&#8221;Biography&#8221; tab_id=&#8221;1516661492134-9a7b9426-0ca0&#8243;][vc_column_text]<\/p>\n<p>Jaume Buxeda (Barcelona 1958)<\/p>\n<p>He started photography at the age of twenty two. In 1983 he obtained his diploma from the Photographic Studies Institute of Catalonia. During this period he carries out several seminars with different photographers such as: Manolo Laguillo, Fernando Herraez, Am\u00e9rica S\u00e1nchez, Toni Catany \u2026<\/p>\n<p>From 1985 to 1991 he worked as a freelance photographer for several private companies, advertising agencies and official institutions such as the Government de Catalonia, Barcelona City Council, Prisa, the RBA Group..<\/p>\n<p>From 1987 until 2021 he also worked as a teacher, course coordinator and manager of cultural activities at the Institute of Photographic Studies of Catalonia, where he taught, since 1998, a specialization course in author photography.<\/p>\n<p>He has carried out several author photograph works and has participated in numerous exhibitions, both individual and collective, in different Catalonian galleries, Spain and abroad. Some of them are: <em>Galer\u00eda Portokalenia<\/em> (Valencia), <em>Galer\u00eda Dada<\/em> ( Vilanova y la Geltr\u00fa), <em>Galer\u00eda tr\u00edpode <\/em>(Vic), <em>Centro Cultural San Mart\u00edn<\/em> (Buenos Aires), <em>Sonimagfoto<\/em> (Barcelona) &#8230; His work forms part of <a href=\"https:\/\/www.fotografiacatalunya.cat\/ca\/cataleg\/fotografs\/jaume_buxeda\">Catalonia\u2019s Photographic Website<\/a>.<\/p>\n<p>His photographs are in numerous private collections and in the National Collection of Photography of Catalonia.<\/p>\n<p>[\/vc_column_text][\/vc_tta_section][vc_tta_section i_icon_fontawesome=&#8221;fa fa-file-word-o&#8221; add_icon=&#8221;true&#8221; title=&#8221;Bibliography&#8221; tab_id=&#8221;1516661007359-33ca7367-e806&#8243;][vc_column_text]<\/p>\n<p class=\"p1\"><strong>BIBLIOGRAPHY<\/strong><\/p>\n<p>ARTICLES ABOUT EXHIBITIONS<\/p>\n<p>&#8211; 2022\u00a0 \u00a0 \u00a0N\u00favol (Josep Maria Cortina)<\/p>\n<p>&#8211; 2001\u00a0 \u00a0 \u00a0FV n\u00ba160 (Molinero Cardenal)<\/p>\n<p>&#8211; 1998\u00a0 \u00a0 \u00a0La Fotograf\u00eda n\u00ba67 (Nuria Cabrero)<\/p>\n<p>&#8211; 1996\u00a0 \u00a0 \u00a0Catalog Primavera Fotogr\u00e0fica \u201996 (Molinero Cardenal)<\/p>\n<p>&#8211; 1992\u00a0 \u00a0 \u00a0FV n\u00ba52 (Molinero Cardenal)<\/p>\n<p>&#8211; 1992\u00a0 \u00a0 \u00a0FV n\u00ba43 (Molinero Cardenal)<\/p>\n<p>&#8211; 1990\u00a0 \u00a0 \u00a0FV n\u00ba21 (Molinero Cardenal)<\/p>\n<p>&#8211; 1988\u00a0 \u00a0 \u00a0El Temps (S.Rod\u00e9s)<\/p>\n<p>&nbsp;<\/p>\n<p>PUBLISHED PORTFOLIOS<\/p>\n<p>&#8211; 2022\u00a0 \u00a0 Exhibition catalog XXV International Photography Award Rafael Ramos Garcia de la Universidad de la<\/p>\n<p>Laguna (SYMBOLS)<\/p>\n<p>&#8211; 2021\u00a0 \u00a0 \u00a0Exhibition catalog Galeria ilmondo (SYMBOLS\/IDOLS)<\/p>\n<p>&#8211; 2000\u00a0 \u00a0 \u00a0Teatrum n\u00ba1 (FEARS)<\/p>\n<p>&#8211; 1998\u00a0 \u00a0 \u00a0La Fotograf\u00eda n\u00ba67 (TRANSMUTES)<\/p>\n<p>&#8211; 1992\u00a0 \u00a0 \u00a0FV n\u00ba43 (CONVERSATIONS WITH DEATH)<\/p>\n<p>&#8211; 1990\u00a0 \u00a0 \u00a0FV n\u00ba21 (STAIRS)<\/p>\n<p>&#8211; 1985\u00a0 \u00a0 \u00a0BCN Marca Registrada n\u00ba4 (SUBCELONA)<\/p>\n<p>[\/vc_column_text][\/vc_tta_section][vc_tta_section i_icon_fontawesome=&#8221;fa fa-file-image-o&#8221; add_icon=&#8221;true&#8221; title=&#8221;Exhibitions&#8221; tab_id=&#8221;1516661007456-c0fab971-7470&#8243;][vc_column_text]<\/p>\n<p class=\"p1\"><strong><span class=\"s1\">INDIVIDUALS\u00a0<\/span>EXHIBITIONS<\/strong><\/p>\n<p>&#8211; 2021\u00a0 \u00a0 \u00a0<strong>Galery Ilmondo<\/strong> -Barcelona- \u201cSymbols\u201d \u201cIdols\u201d<\/p>\n<p>&#8211; 1998\u00a0 \u00a0 \u00a0<strong>Sala Antiga Pres\u00f3<\/strong> \u2013Orta de Sant Joan- \u201cFears\u201d<\/p>\n<p>&#8211; 1996\u00a0 \u00a0 \u00a0<strong>Galery Trespeus<\/strong> (Primavera fotogr\u00e0fica a Catalunya)-Vic- \u201cFears\u201d<\/p>\n<p>&#8211; 1994\u00a0 \u00a0 \u00a0<strong>Galery Trespeus<\/strong> -Vic- \u201cTransmutes\u201d<\/p>\n<p>&#8211; 1993\u00a0 \u00a0 \u00a0<strong>Galery Tr\u00edpode<\/strong> -Barcelona- \u201cWalls\u201d<\/p>\n<p>&#8211; 1990\u00a0 \u00a0 \u00a0<strong>Culture Classroom Sant Josep<\/strong> -L\u2019Hospitalet- \u201cWalls\u201d<\/p>\n<p><strong>House of Culture Tafalla<\/strong> -Navarra- \u201c\u201cWalls\u201d\u201d<\/p>\n<p><strong>House of Culture Villaba<\/strong> -Navarra- \u201c\u201cWalls\u201d\u201d<\/p>\n<p><strong>Sala Burdindoki<\/strong> -Pamplona- \u201c\u201cWalls\u201d\u201d<\/p>\n<p>&#8211; 1989\u00a0 \u00a0 \u00a0<strong>Photo galery Portokalenia<\/strong> -Val\u00e8ncia- \u201cStairs\u201d<\/p>\n<p>&#8211; 1988\u00a0 \u00a0 \u00a0<strong>Photographic Society de Guipuzcoa<\/strong> -Donosti- \u201cStairs\u201d<\/p>\n<p>&#8211; 1987\u00a0 \u00a0 \u00a0<strong>Sala Pico Moncayo -Barcelona<\/strong>&#8211; \u201cStairs\u201d<\/p>\n<p><strong>Sala Clix\u00e9<\/strong> -L\u00b4Hospitalet- \u201cStairs\u201d\u201d<\/p>\n<p>&#8211; 1986\u00a0 \u00a0 \u00a0<strong>Culture Classroom <\/strong><strong>Cornell\u00e0<\/strong> -Barcelona- \u201cSubcelona\u201d<\/p>\n<p><strong>Photographic space Maple Syrup<\/strong> -Barcelona- \u201cFlavia Augusta Barcinova\u201d<\/p>\n<p>&#8211; 1985\u00a0 \u00a0 \u00a0<strong>Galery Dada<\/strong> -Vilanova i la Geltr\u00fa- \u201cSubcelona\u201d<\/p>\n<p><strong>Sala Clix\u00e9<\/strong> -L\u2019Hospitalet- \u201cSubcelona\u201d<\/p>\n<p><strong>House of Culture <\/strong><strong>Tafalla<\/strong> -Navarra- \u201cSubcelona\u201d<\/p>\n<p><strong>Sala Burdindoki<\/strong> \u2013Pamplona- \u201cSubcelona\u201d<\/p>\n<p>&#8211; 1984\u00a0 \u00a0 \u00a0<strong>Galery \u00c8psilon<\/strong> -Barcelona-<\/p>\n<p class=\"p3\"><strong>COLLECTIVE EXHIBITIONS<\/strong><\/p>\n<p>&#8211; 2023\u00a0 \u00a0 \u00a0<strong>Cultural Space La Capilla<\/strong> XXVI international photography award Rafael Ramos Garcia Universidad de La Laguna \u201cSymbols\u201d (with several authors)<\/p>\n<p>&#8211; 2022\u00a0 \u00a0 \u00a0<strong>Galery<\/strong><strong> Ilmondo<\/strong> -Barcelona- \u201cConversations with death\u201d (Festival Revela\u2019t) (with Maribel Mata)<\/p>\n<p>&#8211; 2022\u00a0 \u00a0 \u00a0<strong>Cultural Center Tafalla Kulturgunea<\/strong> \u201cWALL\u201d (with Marta Colell)<\/p>\n<p>&#8211; 2012\u00a0 \u00a0 \u00a0<strong>Institut d\u2019Estudis Fotogr\u00e0fics de Catalunya<\/strong> \u201cLessons from the grave\u201d (with several authors)<\/p>\n<p>&#8211; 2001\u00a0 \u00a0 \u00a0<strong>Sonimagfoto<\/strong> -Barcelona- \u201cLessons from the grave\u201d (with several authors)<\/p>\n<p>&#8211; 1999\u00a0 \u00a0 \u00a0<strong>School of Art and Design <\/strong>-Tarragona- \u201cConversations with death\u201d (with Marta Colell)<\/p>\n<p>&#8211; 1998\u00a0 \u00a0 \u00a0<strong>Escola of Applied Arts <\/strong>-Tortosa- \u201cConversations with death\u201d (with Marta Colell)<\/p>\n<p><strong>Culture Classroom <\/strong><strong>Sant Josep<\/strong> -L\u00b4Hospitalet- (amb Llu\u00eds Biosca, Laura\u00a0\u00a0\u00a0\u00a0 P\u00e9rez Vernetti, Andr\u00e9s Salvarezza, Sierra Fornells, Teresa Molina, Robert Barrio, Anna Donaire, Carles Llanes, Rafael Vargas, Antonio Blanco)<\/p>\n<p>&#8211; 1993\u00a0 \u00a0 \u00a0<strong>Fotoboutique<\/strong> -Barcelona- \u201cConversations with death\u201d (with several authors)<\/p>\n<p><strong>Cotxeres de Sants<\/strong> IV Marat\u00f3 del Cinema Fant\u00e0stic de Sants -Barcelona- \u201cTransmutes\u201d (with several authors)<\/p>\n<p>&#8211; 1987\u00a0 \u00a0 \u00a0<strong>House of Culture <\/strong><strong>de Tafalla<\/strong> -Navarra- \u201cFlavia Augusta Barcinova\u201d (with Llu\u00eds Biosca)<\/p>\n<p><strong>House of Culture <\/strong><strong>Villaba<\/strong> -Navarra- \u201cFlavia Augusta Barcinova\u201d (with Llu\u00eds Biosca)<\/p>\n<p><strong>Aula<\/strong><strong> Culture Classroom <\/strong><strong>la Florida<\/strong> -L\u00b4Hospitalet- \u201cFlavia Augusta Barcinova\u201d\u00a0\u00a0 (with Llu\u00eds Biosca, Antonio Molinero, Marta Montoya, Laura P\u00e9rez Vernetti, Lloren\u00e7 Raich, Andr\u00e9s Salvarezza, Sierra Fornells)<\/p>\n<p><strong>Cotxeres de Sants<\/strong> I Biennal d\u00b4Arts Pl\u00e0stiques de Sants -Barcelona- \u201cFlavia Augusta Barcinova\u201d (with several authors)<\/p>\n<p>&#8211; 1985\u00a0 \u00a0 \u00a0<strong>Sala Transformadors<\/strong> (I Biennal de Produccions Culturals Juvenils de l\u2019Europa Mediterr\u00e0nia)-Barcelona- \u201cSubcelona\u201d (with several authors)<\/p>\n<p>&#8211; 1983\u00a0 \u00a0 \u00a0<strong>Galery Temps<\/strong> -Girona- Fotografies dels alumnes del curs Visualitzaci\u00f3 IEFC (with several authors)<\/p>\n<p>[\/vc_column_text][\/vc_tta_section][vc_tta_section i_type=&#8221;openiconic&#8221; i_icon_openiconic=&#8221;vc-oi vc-oi-aperture&#8221; add_icon=&#8221;true&#8221; title=&#8221;Statement&#8221; tab_id=&#8221;1528057958849-aae86e44-4b07&#8243;][vc_column_text]<\/p>\n<p>Since 1983, when I started to use photography as a means of expression, I have always sought to ensure that the works I make are purely photographic, in other words, that the pieces have no resources other than those of the photographic medium.<\/p>\n<p>The different images which form part of my work are in black and white, not in colour, saturated or soft and grey, with specular backlights, but always using different photographic techniques that allow me to express the concepts on the subject exposed the best way I can.<\/p>\n<p>I work indistinctly in analogue and digital photography to explain issues that have always captivated me: death, human perception, freedom, fears, symbolism, beauty, constructions &#8230; From a poetic and symbolic perspective I reflect with photography my thoughts on universal matters.<\/p>\n<p>The series are a variety of pictures where the thoughts I want to transmit are represented in a metaphorical way. In the same way, but without the extension that the series provide, I also take isolated pictures that reflect the same motivations regarding themes and ideas.<\/p>\n<p>In one way or another, all the proposed themes arise from lived experiences. Therefore, my work is autobiographical in the sense that any reflection has been the result of a first-person experience.<\/p>\n<p>[\/vc_column_text][\/vc_tta_section][\/vc_tta_tabs][\/vc_column][\/vc_row]<\/p>\n<\/div>","protected":false},"excerpt":{"rendered":"<p>[vc_row][vc_column width=&#8221;1\/4&#8243;][vc_single_image image=&#8221;771&#8243; img_size=&#8221;full&#8221;][\/vc_column][vc_column width=&#8221;3\/4&#8243;][vc_tta_tabs active_section=&#8221;1&#8243;][vc_tta_section i_icon_fontawesome=&#8221;fa fa-user-o&#8221; add_icon=&#8221;true&#8221; title=&#8221;Biography&#8221; tab_id=&#8221;1516661492134-9a7b9426-0ca0&#8243;][vc_column_text] Jaume Buxeda (Barcelona 1958) He started photography at the age of twenty two. In 1983 he obtained his diploma from the Photographic Studies Institute of Catalonia. During this period he carries out several seminars with different photographers such as: Manolo Laguillo, Fernando Herraez, Am\u00e9rica&hellip;<\/p>\n","protected":false},"author":1,"featured_media":0,"parent":0,"menu_order":0,"comment_status":"closed","ping_status":"closed","template":"","meta":{"footnotes":""},"class_list":["post-986","page","type-page","status-publish","hentry","description-off"],"translation":{"provider":"WPGlobus","version":"3.0.2","language":"gb","enabled_languages":["ca","es","gb"],"languages":{"ca":{"title":true,"content":true,"excerpt":false},"es":{"title":true,"content":true,"excerpt":false},"gb":{"title":true,"content":true,"excerpt":false}}},"_links":{"self":[{"href":"https:\/\/jaumebuxeda.cat\/gb\/wp-json\/wp\/v2\/pages\/986"}],"collection":[{"href":"https:\/\/jaumebuxeda.cat\/gb\/wp-json\/wp\/v2\/pages"}],"about":[{"href":"https:\/\/jaumebuxeda.cat\/gb\/wp-json\/wp\/v2\/types\/page"}],"author":[{"embeddable":true,"href":"https:\/\/jaumebuxeda.cat\/gb\/wp-json\/wp\/v2\/users\/1"}],"replies":[{"embeddable":true,"href":"https:\/\/jaumebuxeda.cat\/gb\/wp-json\/wp\/v2\/comments?post=986"}],"version-history":[{"count":13,"href":"https:\/\/jaumebuxeda.cat\/gb\/wp-json\/wp\/v2\/pages\/986\/revisions"}],"predecessor-version":[{"id":988,"href":"https:\/\/jaumebuxeda.cat\/gb\/wp-json\/wp\/v2\/pages\/986\/revisions\/988"}],"wp:attachment":[{"href":"https:\/\/jaumebuxeda.cat\/gb\/wp-json\/wp\/v2\/media?parent=986"}],"curies":[{"name":"wp","href":"https:\/\/api.w.org\/{rel}","templated":true}]}}