{"id":998,"date":"2021-02-09T16:37:05","date_gmt":"2021-02-09T16:37:05","guid":{"rendered":"https:\/\/web.jaumebuxeda.cat\/?page_id=998"},"modified":"2026-04-19T08:32:17","modified_gmt":"2026-04-19T08:32:17","slug":"escales","status":"publish","type":"page","link":"https:\/\/jaumebuxeda.cat\/es\/escales","title":{"rendered":"ESCALERAS"},"content":{"rendered":"<div class=\"wpb-content-wrapper\"><p>[vc_row][vc_column width=\u00bb1\/2&#8243;][vc_column_text]<br \/>\n<strong>ESCALERAS<\/strong><\/p>\n<p>Estas reinterpretaciones fotogr\u00e1ficas de espacios arquitect\u00f3nicos, vest\u00edbulos de edificios donde viven personas que diariamente los transitan, son una met\u00e1fora del resguardo anhelado por cualquier ser.<\/p>\n<p>Como si de un \u00fatero materno es tratara estos interiores nos ofrecen su protecci\u00f3n, la acogida deseada. Es un espacio de transici\u00f3n que lleva hacia el exterior o interior. Seg\u00fan la direcci\u00f3n de la persona que lo traspasa la conduce hacia el abrigo del hogar o hacia la incertidumbre externa.<\/p>\n<p>Son visiones cotidianas de individuos privilegiados que viven en edificios inusuales. Con sus formas, a veces org\u00e1nicas a veces geom\u00e9tricas, a menudo inveros\u00edmiles, nos hacen sentir protegidos y a la vez maravillados.<\/p>\n<p>A veces son las formas arquitect\u00f3nicas, o son los objetos, o las esculturas \u2026 lo que nos embriagan visualmente e incluso parece que nos saluden y nos deseen buenos d\u00edas.<\/p>\n<p>Fecha:1987<br \/>\nMedidas: 28,5 X 28,5 cms.<br \/>\nNum. de im\u00e1genes: 21<br \/>\nCopias montadas en passpartout 40 x 50<br \/>\nPapel clorobromuro<\/p>\n<p>[\/vc_column_text][\/vc_column][vc_column width=\u00bb1\/2&#8243;][vc_media_grid element_width=\u00bb6&#8243; gap=\u00bb15&#8243; initial_loading_animation=\u00bbnone\u00bb grid_id=\u00bbvc_gid:1612888365486-aff4bfda-4bee-10&#8243; include=\u00bb816,800,820,808,804,812,824,337,332,397,392,387,382,377,372,367,362,357,352,347,342&#8243;][\/vc_column][\/vc_row]<\/p>\n<\/div>","protected":false},"excerpt":{"rendered":"<p>[vc_row][vc_column width=\u00bb1\/2&#8243;][vc_column_text] ESCALERAS Estas reinterpretaciones fotogr\u00e1ficas de espacios arquitect\u00f3nicos, vest\u00edbulos de edificios donde viven personas que diariamente los transitan, son una met\u00e1fora del resguardo anhelado por cualquier ser. Como si de un \u00fatero materno es tratara estos interiores nos ofrecen su protecci\u00f3n, la acogida deseada. Es un espacio de transici\u00f3n que lleva hacia el exterior&hellip;<\/p>\n","protected":false},"author":1,"featured_media":0,"parent":0,"menu_order":0,"comment_status":"closed","ping_status":"closed","template":"","meta":{"footnotes":""},"class_list":["post-998","page","type-page","status-publish","hentry","description-off"],"translation":{"provider":"WPGlobus","version":"3.0.2","language":"es","enabled_languages":["ca","es","gb"],"languages":{"ca":{"title":true,"content":true,"excerpt":false},"es":{"title":true,"content":true,"excerpt":false},"gb":{"title":true,"content":true,"excerpt":false}}},"_links":{"self":[{"href":"https:\/\/jaumebuxeda.cat\/es\/wp-json\/wp\/v2\/pages\/998"}],"collection":[{"href":"https:\/\/jaumebuxeda.cat\/es\/wp-json\/wp\/v2\/pages"}],"about":[{"href":"https:\/\/jaumebuxeda.cat\/es\/wp-json\/wp\/v2\/types\/page"}],"author":[{"embeddable":true,"href":"https:\/\/jaumebuxeda.cat\/es\/wp-json\/wp\/v2\/users\/1"}],"replies":[{"embeddable":true,"href":"https:\/\/jaumebuxeda.cat\/es\/wp-json\/wp\/v2\/comments?post=998"}],"version-history":[{"count":8,"href":"https:\/\/jaumebuxeda.cat\/es\/wp-json\/wp\/v2\/pages\/998\/revisions"}],"predecessor-version":[{"id":1665,"href":"https:\/\/jaumebuxeda.cat\/es\/wp-json\/wp\/v2\/pages\/998\/revisions\/1665"}],"wp:attachment":[{"href":"https:\/\/jaumebuxeda.cat\/es\/wp-json\/wp\/v2\/media?parent=998"}],"curies":[{"name":"wp","href":"https:\/\/api.w.org\/{rel}","templated":true}]}}