{"id":994,"date":"2021-02-09T16:29:32","date_gmt":"2021-02-09T16:29:32","guid":{"rendered":"https:\/\/web.jaumebuxeda.cat\/?page_id=994"},"modified":"2024-05-25T05:56:12","modified_gmt":"2024-05-25T05:56:12","slug":"converses-amb-la-mort","status":"publish","type":"page","link":"https:\/\/jaumebuxeda.cat\/es\/converses-amb-la-mort","title":{"rendered":"CONVERSACIONES CON LA MUERTE"},"content":{"rendered":"<div class=\"wpb-content-wrapper\"><p>[vc_row][vc_column width=\u00bb1\/2&#8243;][vc_column_text]<\/p>\n<p class=\"p1\"><strong><span class=\"s1\">CONVERSACIONES CON LA MUERTE<\/span><\/strong><\/p>\n<p class=\"p1\"><span class=\"s1\">La sociedad occidental a menudo utiliza eufemismos para endulzar las realidades. En el caso de la muerte dicen que nos convertimos en polvo. De hecho no sale mucho polvo de un cad\u00e1ver de cualquier ser ya sea una flor, un perro, un sapo, una mariposa, una lubina, un humano \u2026<\/span><\/p>\n<p class=\"p1\"><span class=\"s1\">Esta serie fotogr\u00e1fica es una alegor\u00eda de la muerte f\u00edsica. Mediante objetos que han sido abandonados, olvidados en almacenes sin ning\u00fan tipo de cuidado, en los que el paso inexorable del tiempo ha da\u00f1ado su belleza primitiva, se ha representado los restos que se encuentran en el interior de las tumbas.<\/span><\/p>\n<p class=\"p1\"><span class=\"s1\">Como si de un peque\u00f1o teatrillo se tratara las composiciones hechas con estos objetos que han perdido su capacidad de seducci\u00f3n y s\u00f3lo les queda una sombra de lo que eran, nos evocan los detritus, condici\u00f3n final y natural de cualquier ser vivo.<\/span><\/p>\n<p class=\"p1\"><span class=\"s1\">Fecha:1990<\/span><\/p>\n<p class=\"p1\"><span class=\"s1\">Medidas: 26,5 X 26,5 cms.<\/span><\/p>\n<p class=\"p1\"><span class=\"s1\">Num. de im\u00e1genes: 18<\/span><\/p>\n<p class=\"p1\"><span class=\"s1\">SERIE EXCLUSIVA: Copias montadas en passpartout 40 x 50<\/span><\/p>\n<p class=\"p1\"><span class=\"s1\">Papel clorobromuro<\/span><\/p>\n<p>[\/vc_column_text][vc_single_image image=\u00bb1489&#8243; img_size=\u00bblarge\u00bb][vc_single_image image=\u00bb1490&#8243; img_size=\u00bblarge\u00bb][vc_single_image image=\u00bb1491&#8243; img_size=\u00bblarge\u00bb][vc_single_image image=\u00bb1492&#8243; img_size=\u00bblarge\u00bb][vc_video link=\u00bbhttps:\/\/www.youtube.com\/watch?v=pElRaaZE-Gk\u00bb][\/vc_column][vc_column width=\u00bb1\/2&#8243;][vc_media_grid element_width=\u00bb6&#8243; gap=\u00bb20&#8243; grid_id=\u00bbvc_gid:1612887908337-c7cb933c-d31f-4&#8243; include=\u00bb236,241,231,226,303,221,298,216,293,286,281,276,271,266,261,256,251,246&#8243;][\/vc_column][\/vc_row]<\/p>\n<\/div>","protected":false},"excerpt":{"rendered":"<p>[vc_row][vc_column width=\u00bb1\/2&#8243;][vc_column_text] CONVERSACIONES CON LA MUERTE La sociedad occidental a menudo utiliza eufemismos para endulzar las realidades. En el caso de la muerte dicen que nos convertimos en polvo. De hecho no sale mucho polvo de un cad\u00e1ver de cualquier ser ya sea una flor, un perro, un sapo, una mariposa, una lubina, un humano&hellip;<\/p>\n","protected":false},"author":1,"featured_media":0,"parent":0,"menu_order":0,"comment_status":"closed","ping_status":"closed","template":"","meta":{"footnotes":""},"class_list":["post-994","page","type-page","status-publish","hentry","description-off"],"translation":{"provider":"WPGlobus","version":"3.0.2","language":"es","enabled_languages":["ca","es","gb"],"languages":{"ca":{"title":true,"content":true,"excerpt":false},"es":{"title":true,"content":true,"excerpt":false},"gb":{"title":true,"content":true,"excerpt":false}}},"_links":{"self":[{"href":"https:\/\/jaumebuxeda.cat\/es\/wp-json\/wp\/v2\/pages\/994"}],"collection":[{"href":"https:\/\/jaumebuxeda.cat\/es\/wp-json\/wp\/v2\/pages"}],"about":[{"href":"https:\/\/jaumebuxeda.cat\/es\/wp-json\/wp\/v2\/types\/page"}],"author":[{"embeddable":true,"href":"https:\/\/jaumebuxeda.cat\/es\/wp-json\/wp\/v2\/users\/1"}],"replies":[{"embeddable":true,"href":"https:\/\/jaumebuxeda.cat\/es\/wp-json\/wp\/v2\/comments?post=994"}],"version-history":[{"count":6,"href":"https:\/\/jaumebuxeda.cat\/es\/wp-json\/wp\/v2\/pages\/994\/revisions"}],"predecessor-version":[{"id":1494,"href":"https:\/\/jaumebuxeda.cat\/es\/wp-json\/wp\/v2\/pages\/994\/revisions\/1494"}],"wp:attachment":[{"href":"https:\/\/jaumebuxeda.cat\/es\/wp-json\/wp\/v2\/media?parent=994"}],"curies":[{"name":"wp","href":"https:\/\/api.w.org\/{rel}","templated":true}]}}