{"id":986,"date":"2021-02-09T16:09:50","date_gmt":"2021-02-09T16:09:50","guid":{"rendered":"https:\/\/web.jaumebuxeda.cat\/?page_id=986"},"modified":"2024-05-20T16:51:47","modified_gmt":"2024-05-20T16:51:47","slug":"bio","status":"publish","type":"page","link":"https:\/\/jaumebuxeda.cat\/es\/bio","title":{"rendered":"Bio"},"content":{"rendered":"<div class=\"wpb-content-wrapper\"><p>[vc_row][vc_column width=\u00bb1\/4&#8243;][vc_single_image image=\u00bb771&#8243; img_size=\u00bbfull\u00bb][\/vc_column][vc_column width=\u00bb3\/4&#8243;]<div class=\"hr-thin style-double\" style=\"width: 100%;border-top-width: 3px;\"><\/div>[vc_tta_tabs active_section=\u00bb1&#8243;][vc_tta_section i_icon_fontawesome=\u00bbfa fa-user-o\u00bb add_icon=\u00bbtrue\u00bb title=\u00bbBiograf\u00eda\u00bb tab_id=\u00bb1516661492134-9a7b9426-0ca0&#8243;][vc_column_text]<\/p>\n<p class=\"p1\"><span class=\"s1\">Jaume Buxeda (Barcelona 1958)<br \/>\nSe inici\u00f3 en la fotograf\u00eda a los veintid\u00f3s dos a\u00f1os. En 1983 obtiene el diploma del Instituto de Estudios Fotogr\u00e1ficos de Catalu\u00f1a. En esta \u00e9poca realiza varios seminarios con diferentes fot\u00f3grafos como Manolo Laguillo, Fernando Herraez, Am\u00e9rica S\u00e1nchez, Toni Catany &#8230;<\/span><\/p>\n<p>De 1985 a 1992 trabaja como fot\u00f3grafo independiente para diversas empresas privadas, agencias publicitarias y estamentos oficiales como Generalidad de Catalu\u00f1a, Ayuntamiento de Barcelona, Prisa, Grupo RBA &#8230;<\/p>\n<p>A partir de 1987 y hasta 2021 se dedica tambi\u00e9n a la ense\u00f1anza trabajando como profesor, coordinador de cursos y gestor de actividades culturales en el Instituto de Estudios Fotogr\u00e1ficos de Catalu\u00f1a donde imparti\u00f3 desde 1998 el Curso de Especializaci\u00f3n de Fotograf\u00eda D autor.<\/p>\n<p>Ha realizado diferentes trabajos de fotograf\u00eda de autor y ha participado en numerosas exposiciones, tanto individuales como colectivas, en diferentes galer\u00edas de Catalu\u00f1a, de Espa\u00f1a y del extranjero como: Galer\u00eda Portokalenia (Valencia), Galer\u00eda Dada (Vilanova y la Geltr\u00fa), Galer\u00eda tr\u00edpode (Vic), Centro Cultural San Mart\u00edn (Buenos Aires), Sonimagfoto (Barcelona), Galeria ilmondo (Barcelona)&#8230; Parte de su obra se puede ver en la Web Fotograf\u00eda en Catalu\u00f1a<\/p>\n<p>Sus fotograf\u00edas est\u00e1n en numerosas colecciones privadas y en la Colecci\u00f3n Nacional de Fotograf\u00eda de Catalunya.<br \/>\n.<\/p>\n<p>[\/vc_column_text][\/vc_tta_section][vc_tta_section i_icon_fontawesome=\u00bbfa fa-file-word-o\u00bb add_icon=\u00bbtrue\u00bb title=\u00bbBibliograf\u00eda\u00bb tab_id=\u00bb1516661007359-33ca7367-e806&#8243;][vc_column_text]<\/p>\n<p class=\"p1\"><strong>Bibliograf\u00eda<\/strong><\/p>\n<p>ARTICULOS SOBRE EXPOSICIONES<\/p>\n<p>&#8211; 2022\u00a0 \u00a0 \u00a0N\u00favol (Josep Maria Cortina)<\/p>\n<p>&#8211; 2001\u00a0 \u00a0 \u00a0FV n\u00ba160 (Molinero Cardenal)<\/p>\n<p>&#8211; 1998\u00a0 \u00a0 \u00a0La Fotograf\u00eda n\u00ba67 (Nuria Cabrero)<\/p>\n<p>&#8211; 1996\u00a0 \u00a0 \u00a0Cat\u00e1logo Primavera Fotogr\u00e0fica\u201896 (Molinero Cardenal)<\/p>\n<p>&#8211; 1992\u00a0 \u00a0 \u00a0FV n\u00ba43 (Molinero Cardenal)<\/p>\n<p>&#8211; 1992\u00a0 \u00a0 \u00a0FV n\u00ba52 (Molinero Cardenal)<\/p>\n<p>&#8211; 1990\u00a0 \u00a0 \u00a0FV n\u00ba21 (Molinero Cardenal)<\/p>\n<p>&#8211; 1988\u00a0 \u00a0 \u00a0El Temps (Salvador Rod\u00e9s)<\/p>\n<p>&nbsp;<\/p>\n<p>PORTAFOLIOS PUBLICADOS<\/p>\n<p>&#8211; 2023\u00a0 \u00a0 \u00a0Cat\u00e1logo de la exposici\u00f3n XXV Premio Internacional de Fotograf\u00eda Rafael Ramos Garc\u00eda de la Universidad de la Laguna (S\u00cdMBOLOS)<\/p>\n<p>&#8211; 2021\u00a0 \u00a0 \u00a0Cat\u00e1logo exposici\u00f3n Galeria Ilmondo (S\u00cdMBOLOS\/IDOLOS)<\/p>\n<p>&#8211; 2017\u00a0 \u00a0 \u00a0Parte de su obra se puede ver en la web Fotograf\u00eda a Catalunya<\/p>\n<p>&#8211; 2000\u00a0 \u00a0 \u00a0Teatrum n\u00ba1 (MIEDOS)<\/p>\n<p>&#8211; 1998\u00a0 \u00a0 \u00a0La Fotograf\u00eda n\u00ba67 (TRANSMUTES)<\/p>\n<p>&#8211; 1992\u00a0 \u00a0 \u00a0FV n\u00ba43 (CONVERSACIONES CON LA MUERTE)<\/p>\n<p>&#8211; 1990\u00a0 \u00a0 \u00a0FV n\u00ba21 (ESCALERAS)<\/p>\n<p>&#8211; 1985\u00a0 \u00a0 \u00a0BCN Marca Registrada n\u00ba4 (SUBCELONA)<\/p>\n<p>[\/vc_column_text][\/vc_tta_section][vc_tta_section i_icon_fontawesome=\u00bbfa fa-file-image-o\u00bb add_icon=\u00bbtrue\u00bb title=\u00bbExposiciones\u00bb tab_id=\u00bb1516661007456-c0fab971-7470&#8243;][vc_column_text]<\/p>\n<p class=\"p1\"><strong>EXPOSICIONES\u00a0<span class=\"s1\">INDIVIDUALES<\/span><\/strong><\/p>\n<p>&#8211; 2021\u00a0 \u00a0 \u00a0<strong>Galeria Ilmondo<\/strong> -Barcelona- \u201cS\u00edmbols\u201d \u201c\u00cddolos\u201d<\/p>\n<p>&#8211; 2001\u00a0 \u00a0 \u00a0<strong>Sonimagfoto<\/strong> -Barcelona- \u201cLecciones desde la tumba\u201d<\/p>\n<p>&#8211; 1998\u00a0 \u00a0 \u00a0<strong>Sala Antiga Pres\u00f3<\/strong> \u2013Orta de Sant Joan- \u201cMiedos\u201d<\/p>\n<p>&#8211; 1996\u00a0 \u00a0 \u00a0<strong>Galeria Trespeus<\/strong> (Primavera fotogr\u00e0fica a Catalunya)-Vic- \u201cMiedos\u201d<\/p>\n<p>&#8211; 1994\u00a0 \u00a0 \u00a0<strong>Galeria Trespeus<\/strong> -Vic- \u201cTransmutes\u201d<\/p>\n<p>&#8211; 1993\u00a0 \u00a0 \u00a0<strong>Galeria Tr\u00edpode<\/strong> -Barcelona- \u201cMuros\u201d<\/p>\n<p>&#8211; 1990\u00a0 \u00a0 \u00a0<strong>Aula de Cultura de Sant Josep<\/strong> -L\u2019Hospitalet- \u201cMuros\u201d<\/p>\n<p><strong>Casa de Cultura Tafalla<\/strong> -Navarra- \u201cMuros\u201d<\/p>\n<p><strong>Casa de Cultura Villaba<\/strong> -Navarra- \u201cMuros\u201d<\/p>\n<p><strong>Sala Burdindoki<\/strong> -Pamplona- \u201cMuros\u201d<\/p>\n<p>&#8211; 1989\u00a0 \u00a0 \u00a0<strong>Fotogaleria Portokalenia<\/strong> -Val\u00e8ncia- \u201cEscaleras\u201d<\/p>\n<p>&#8211; 1988\u00a0 \u00a0 \u00a0<strong>Sociedad Fotogr\u00e0fica de Guipuzcoa<\/strong> -Donosti- \u201cEscaleras\u201d<\/p>\n<p>&#8211; 1987\u00a0 \u00a0 \u00a0<strong>Sala Pico Moncayo -Barcelona<\/strong>&#8211; \u201cEscaleras\u201d<\/p>\n<p><strong>Sala Clix\u00e9<\/strong> -L\u00b4Hospitalet- \u201cEscaleras\u201d<\/p>\n<p>&#8211; 1986\u00a0 \u00a0 \u00a0<strong>Aula de Cultura Cornell\u00e0<\/strong> -Barcelona- \u201cSubcelona\u201d<\/p>\n<p><strong>Espai fotogr\u00e0fic Maple Syrup<\/strong> -Barcelona- \u201cFlavia Augusta Barcinova\u201d<\/p>\n<p>&#8211; 1985\u00a0 \u00a0 \u00a0<strong>Galeria Dada<\/strong> -Vilanova i la Geltr\u00fa- \u201cSubcelona\u201d<\/p>\n<p><strong>Sala Clix\u00e9<\/strong> -L\u2019Hospitalet- \u201cSubcelona\u201d<\/p>\n<p><strong>Casa de Cultura Tafalla<\/strong> -Navarra- \u201cSubcelona\u201d<\/p>\n<p><strong>Sala Burdindoki<\/strong> \u2013Pamplona- \u201cSubcelona\u201d<\/p>\n<p>&#8211; 1984\u00a0 \u00a0 \u00a0<strong>Galeria \u00c8psilon<\/strong> -Barcelona-<\/p>\n<p class=\"p3\"><strong><span class=\"s1\">EXPOSICIONES COLECTIVAS<\/span><\/strong><\/p>\n<p>&#8211; 2023\u00a0 \u00a0 \u00a0<strong>Espacio Cultural La Capilla<\/strong> XXVI premio internacional de fotograf\u00eda Rafael Ramos Garcia Universidad de La Laguna<\/p>\n<p>&#8211; 2022\u00a0 \u00a0 \u00a0<strong>Galeria Ilmondo<\/strong> -Barcelona- \u201cConversaciones con la muerte\u201d (Festival Revela\u2019t) (con Maribel Mata)<\/p>\n<p>&#8211; 2022\u00a0 \u00a0 \u00a0<strong>Centro Cultural Tafalla Kulturgunea<\/strong> \u201cMURO\u201d (con Marta Colell)<\/p>\n<p>&#8211; 2012\u00a0 \u00a0 \u00a0<strong>Institut d\u2019Estudis Fotogr\u00e0fics de Catalunya<\/strong> \u201cLecciones desde la tumba\u201d (con diversos autores)<\/p>\n<p>&#8211; 2001\u00a0 \u00a0 \u00a0<strong>Sonimagfoto<\/strong> -Barcelona- \u201cLecciones desde la tumba\u201d (con diversos autores)<\/p>\n<p>&#8211; 2000\u00a0 \u00a0 \u00a0<strong>Centro Cultural San Martin<\/strong> -Buenos Aires- \u201cConversaciones con la muerte\u201d (con Federico Bechis)<\/p>\n<p>&#8211; 1999\u00a0 \u00a0 \u00a0<strong>Escola d\u2019Art i Disseny<\/strong><strong> &#8211;<\/strong>Tarragona- \u201cConversaciones con la muerte\u201d (con Marta Colell)<\/p>\n<p>&#8211; 1998\u00a0 \u00a0 \u00a0<strong>Escola d\u00b4Arts Aplicades<\/strong> -Tortosa- \u201cConversaciones con la muerte\u201d (con Marta Colell)<\/p>\n<p><strong>Aula de Cultura de Sant Josep<\/strong> -L\u00b4Hospitalet- (con Llu\u00eds Biosca, Laura P\u00e9rez Vernetti, Andr\u00e9s Salvarezza, Sierra Fornells, Teresa Molina, Robert Barrio, Anna Donaire, Carles Llanes, Rafael Vargas, Antonio Blanco)<\/p>\n<p>&#8211; 1993\u00a0 \u00a0 \u00a0<strong>Fotoboutique<\/strong> -Barcelona- \u201cConversaciones con la muerte\u201d (con diversos autores)<\/p>\n<p><strong>Cotxeres de Sants<\/strong> IV Marat\u00f3 del Cinema Fant\u00e0stic de Sants -Barcelona- \u201cTransmutes\u201d (con diversos autores)<\/p>\n<p>&#8211; 1987\u00a0 \u00a0 \u00a0<strong>Casa de Cultura de Tafalla<\/strong> -Navarra- \u201cFlavia Augusta Barcinova\u201d (con Llu\u00eds Biosca)<\/p>\n<p><strong>Casa de Cultura de Villaba<\/strong> -Navarra- \u201cFlavia Augusta Barcinova\u201d (con Llu\u00eds Biosca)<\/p>\n<p><strong>Aula de Cultura de la Florida<\/strong> -L\u00b4Hospitalet- \u201cFlavia Augusta Barcinova\u201d (con Llu\u00eds Biosca, Antonio Molinero, Marta Montoya, Laura P\u00e9rez Vernetti, Lloren\u00e7 Raich, Andr\u00e9s Salvarezza, Sierra Fornells)<\/p>\n<p><strong>Cotxeres de Sants<\/strong> I Biennal d\u00b4Arts Pl\u00e0stiques de Sants -Barcelona- \u201cFlavia Augusta Barcinova\u201d (con diversos autores)<\/p>\n<p>&#8211; 1985\u00a0 \u00a0 <strong>Sala Transformadors<\/strong> (I Biennal de Produccions Culturals Juvenils de l\u2019Europa Mediterr\u00e0nia)-Barcelona- \u201cSubcelona\u201d (con diversos autores)<\/p>\n<p>&#8211; 1983\u00a0 \u00a0 <strong>Galeria Temps<\/strong> -Girona- Fotografias de alumnos del curso Visualitzaci\u00f3n IEFC (con diversos autores)<\/p>\n<p>[\/vc_column_text][\/vc_tta_section][vc_tta_section i_type=\u00bbopeniconic\u00bb i_icon_openiconic=\u00bbvc-oi vc-oi-aperture\u00bb add_icon=\u00bbtrue\u00bb title=\u00bbDeclaraci\u00f3n\u00bb tab_id=\u00bb1528057958849-aae86e44-4b07&#8243;][vc_column_text]<\/p>\n<p class=\"p1\"><span class=\"s1\">Desde 1983 en que empec\u00e9 a utilizar la fotograf\u00eda como medio de expresi\u00f3n, siempre he buscado que las obras que realizo sean puramente fotogr\u00e1ficas, es decir que las piezas no tengan ning\u00fan recurso ajeno a los propios del medio fotogr\u00e1fico.<\/span><\/p>\n<p class=\"p1\"><span class=\"s1\">Las diferentes im\u00e1genes que configuran mis trabajos son en blanco y negro o en color, saturadas o bien suaves y grises, con contraluces especulares, pero siempre utilizando las diferentes t\u00e9cnicas fotogr\u00e1ficas que me permitan expresar mejor los conceptos sobre la cuesti\u00f3n expuesta.<\/span><\/p>\n<p class=\"p1\"><span class=\"s1\">Trabajo indistintamente la fotograf\u00eda anal\u00f3gica y la digital para explicar temas que siempre me han cautivado: la muerte, la percepci\u00f3n humana, la libertad, los temores, el simbolismo, la belleza, las construcciones &#8230; Desde una perspectiva po\u00e9tica y simb\u00f3lica reflejo con la fotograf\u00eda mis pensamientos sobre cuestiones que son universales.<\/span><\/p>\n<p class=\"p1\"><span class=\"s1\">Las series son una sucesi\u00f3n de im\u00e1genes donde los pensamientos que quiero transmitir quedan representados de forma metaf\u00f3rica. Del mismo modo, pero sin la extensi\u00f3n que proporcionan las series, tambi\u00e9n realizo im\u00e1genes aisladas que muestran las mismas motivaciones en los temas y las ideas.<\/span><\/p>\n<p class=\"p1\"><span class=\"s1\">De una manera u otra todos los temas propuestos surgen de experiencias vividas. Por lo tanto, mi obra es autobiogr\u00e1fica en el sentido de que cualquier reflexi\u00f3n ha sido fruto de una vivencia en primera persona.<\/span><\/p>\n<p>[\/vc_column_text][\/vc_tta_section][\/vc_tta_tabs][\/vc_column][\/vc_row]<\/p>\n<\/div>","protected":false},"excerpt":{"rendered":"<p>[vc_row][vc_column width=\u00bb1\/4&#8243;][vc_single_image image=\u00bb771&#8243; img_size=\u00bbfull\u00bb][\/vc_column][vc_column width=\u00bb3\/4&#8243;][vc_tta_tabs active_section=\u00bb1&#8243;][vc_tta_section i_icon_fontawesome=\u00bbfa fa-user-o\u00bb add_icon=\u00bbtrue\u00bb title=\u00bbBiograf\u00eda\u00bb tab_id=\u00bb1516661492134-9a7b9426-0ca0&#8243;][vc_column_text] Jaume Buxeda (Barcelona 1958) Se inici\u00f3 en la fotograf\u00eda a los veintid\u00f3s dos a\u00f1os. En 1983 obtiene el diploma del Instituto de Estudios Fotogr\u00e1ficos de Catalu\u00f1a. En esta \u00e9poca realiza varios seminarios con diferentes fot\u00f3grafos como Manolo Laguillo, Fernando Herraez, Am\u00e9rica S\u00e1nchez, Toni Catany&hellip;<\/p>\n","protected":false},"author":1,"featured_media":0,"parent":0,"menu_order":0,"comment_status":"closed","ping_status":"closed","template":"","meta":{"footnotes":""},"class_list":["post-986","page","type-page","status-publish","hentry","description-off"],"translation":{"provider":"WPGlobus","version":"3.0.2","language":"es","enabled_languages":["ca","es","gb"],"languages":{"ca":{"title":true,"content":true,"excerpt":false},"es":{"title":true,"content":true,"excerpt":false},"gb":{"title":true,"content":true,"excerpt":false}}},"_links":{"self":[{"href":"https:\/\/jaumebuxeda.cat\/es\/wp-json\/wp\/v2\/pages\/986"}],"collection":[{"href":"https:\/\/jaumebuxeda.cat\/es\/wp-json\/wp\/v2\/pages"}],"about":[{"href":"https:\/\/jaumebuxeda.cat\/es\/wp-json\/wp\/v2\/types\/page"}],"author":[{"embeddable":true,"href":"https:\/\/jaumebuxeda.cat\/es\/wp-json\/wp\/v2\/users\/1"}],"replies":[{"embeddable":true,"href":"https:\/\/jaumebuxeda.cat\/es\/wp-json\/wp\/v2\/comments?post=986"}],"version-history":[{"count":13,"href":"https:\/\/jaumebuxeda.cat\/es\/wp-json\/wp\/v2\/pages\/986\/revisions"}],"predecessor-version":[{"id":988,"href":"https:\/\/jaumebuxeda.cat\/es\/wp-json\/wp\/v2\/pages\/986\/revisions\/988"}],"wp:attachment":[{"href":"https:\/\/jaumebuxeda.cat\/es\/wp-json\/wp\/v2\/media?parent=986"}],"curies":[{"name":"wp","href":"https:\/\/api.w.org\/{rel}","templated":true}]}}