{"id":9,"date":"2021-02-09T07:42:53","date_gmt":"2021-02-09T07:42:53","guid":{"rendered":"https:\/\/web.jaumebuxeda.cat\/?page_id=9"},"modified":"2026-04-19T08:26:18","modified_gmt":"2026-04-19T08:26:18","slug":"artefactes","status":"publish","type":"page","link":"https:\/\/jaumebuxeda.cat\/es\/artefactes","title":{"rendered":"ARTEFACTOS"},"content":{"rendered":"<div class=\"wpb-content-wrapper\"><p>[vc_row][vc_column width=\u00bb1\/2&#8243;][vc_column_text]<\/p>\n<p class=\"p1\"><strong><span class=\"s1\">ARTEFACTOS<\/span><\/strong><\/p>\n<p class=\"p1\"><span class=\"s1\">Esta serie de fotograf\u00edas es una recopilaci\u00f3n de objetos m\u00e1s o menos estramb\u00f3ticos encontrados al azar que lleva cono a t\u00edtulo aglutinador \u00abArtefactos\u00bb.<\/span><\/p>\n<p class=\"p1\"><span class=\"s1\">Etimol\u00f3gicamente la palabra artefacto viene del lat\u00edn y se traduce como: <i>hecho con arte<\/i>. <i>(artefactus).<\/i> Hoy en d\u00eda esta palabra se utiliza para describir peyorativamente cualquier cosa o aparato que sea estrafalario o poco \u00fatil. En realidad se puede usar como una descripci\u00f3n para cualquier objeto hecho con cierta t\u00e9cnica que tenga una funci\u00f3n espec\u00edfica.<\/span><\/p>\n<p class=\"p1\"><span class=\"s1\">Los artefactos son siempre extra\u00f1os, situados a veces en ubicaciones totalmente absurdas y a menudo con aspecto amenazador que aparecen frente al observador con una indiferencia insolente guard\u00e1ndose el secreto de su funci\u00f3n. Son aparatos, construcciones, objetos &#8230; que el espectador, por su desconocimiento, ignora su utilidad.<\/span><\/p>\n<p class=\"p1\"><span class=\"s1\">Ante cualquier tipo de objeto desconocido al conocimiento del espectador que lo observa hace que \u00e9ste se formule la pregunta \u00abesto qu\u00e9 ser\u00e1?\u00bb y acto seguido nace otra cuesti\u00f3n \u00abcu\u00e1l debe ser su fin?\u00bb Preguntas ret\u00f3ricas asociadas a la inevitable curiosidad humana. Entonces, buscando una respuesta, surge la especulaci\u00f3n sobre el servicio real que tiene el artefacto en cuesti\u00f3n. La mente humana intenta ser razonable al hacer conjeturas sobre sus posibles usos pero la imaginaci\u00f3n menudo traiciona a la racionalidad y supone cualidades m\u00e1gicas, impracticables, quim\u00e9ricas &#8230;<\/span><\/p>\n<p class=\"p1\"><span class=\"s1\">Es esto lo que me fascina m\u00e1s, la capacidad humana de discernir sobre un objeto desconocido un posible uso que muchas veces no tiene nada que ver con su funci\u00f3n verdadera.<\/span><\/p>\n<p class=\"p1\"><span class=\"s1\">Y como fabular es apasionante estas fotograf\u00edas quieren buscar la complicidad del espectador en este juego de imaginar los posibles usos de los artefactos fotografiados.<\/span><\/p>\n<p class=\"p1\"><span class=\"s1\">\u00a0<\/span><\/p>\n<p class=\"p1\"><span class=\"s1\">MEDIDAS: 40 X 40 cm<\/span><\/p>\n<p class=\"p1\"><span class=\"s1\">N\u00daMERO DE IM\u00c1GENES: 14 (en progreso)<\/span><\/p>\n<p class=\"p1\"><span class=\"s1\">Copias 40 x 40 sobre papel 50 x 60<\/span><\/p>\n<p class=\"p1\"><span class=\"s1\">Papel Hahnem\u00fchlemat. copia Gicl\u00e9e<\/span><\/p>\n<p>[\/vc_column_text][\/vc_column][vc_column width=\u00bb1\/2&#8243;][vc_media_grid element_width=\u00bb6&#8243; gap=\u00bb15&#8243; css=\u00bb\u00bb grid_id=\u00bbvc_gid:1776587145275-37fba544-3c2d-2&#8243; include=\u00bb88,93,98,83,1600,1601,1602,1603,1604,1605,1606,1607,1608,1609,1610,1611,1612,1659&#8243;][\/vc_column][\/vc_row]<\/p>\n<\/div>","protected":false},"excerpt":{"rendered":"<p>[vc_row][vc_column width=\u00bb1\/2&#8243;][vc_column_text] ARTEFACTOS Esta serie de fotograf\u00edas es una recopilaci\u00f3n de objetos m\u00e1s o menos estramb\u00f3ticos encontrados al azar que lleva cono a t\u00edtulo aglutinador \u00abArtefactos\u00bb. Etimol\u00f3gicamente la palabra artefacto viene del lat\u00edn y se traduce como: hecho con arte. (artefactus). Hoy en d\u00eda esta palabra se utiliza para describir peyorativamente cualquier cosa o aparato&hellip;<\/p>\n","protected":false},"author":1,"featured_media":0,"parent":0,"menu_order":0,"comment_status":"closed","ping_status":"closed","template":"","meta":{"footnotes":""},"class_list":["post-9","page","type-page","status-publish","hentry","description-off"],"translation":{"provider":"WPGlobus","version":"3.0.2","language":"es","enabled_languages":["ca","es","gb"],"languages":{"ca":{"title":true,"content":true,"excerpt":false},"es":{"title":true,"content":true,"excerpt":false},"gb":{"title":true,"content":true,"excerpt":false}}},"_links":{"self":[{"href":"https:\/\/jaumebuxeda.cat\/es\/wp-json\/wp\/v2\/pages\/9"}],"collection":[{"href":"https:\/\/jaumebuxeda.cat\/es\/wp-json\/wp\/v2\/pages"}],"about":[{"href":"https:\/\/jaumebuxeda.cat\/es\/wp-json\/wp\/v2\/types\/page"}],"author":[{"embeddable":true,"href":"https:\/\/jaumebuxeda.cat\/es\/wp-json\/wp\/v2\/users\/1"}],"replies":[{"embeddable":true,"href":"https:\/\/jaumebuxeda.cat\/es\/wp-json\/wp\/v2\/comments?post=9"}],"version-history":[{"count":18,"href":"https:\/\/jaumebuxeda.cat\/es\/wp-json\/wp\/v2\/pages\/9\/revisions"}],"predecessor-version":[{"id":1663,"href":"https:\/\/jaumebuxeda.cat\/es\/wp-json\/wp\/v2\/pages\/9\/revisions\/1663"}],"wp:attachment":[{"href":"https:\/\/jaumebuxeda.cat\/es\/wp-json\/wp\/v2\/media?parent=9"}],"curies":[{"name":"wp","href":"https:\/\/api.w.org\/{rel}","templated":true}]}}