{"id":1689,"date":"2026-04-19T08:52:01","date_gmt":"2026-04-19T08:52:01","guid":{"rendered":"https:\/\/jaumebuxeda.cat\/?page_id=1689"},"modified":"2026-04-19T16:34:21","modified_gmt":"2026-04-19T16:34:21","slug":"l-ocas-indefugible","status":"publish","type":"page","link":"https:\/\/jaumebuxeda.cat\/es\/l-ocas-indefugible","title":{"rendered":"EL OCASO INSOSLAYABLE"},"content":{"rendered":"<div class=\"wpb-content-wrapper\"><p>[vc_row][vc_column width=\u00bb1\/2&#8243;][vc_column_text css=\u00bb\u00bb]<\/p>\n<p class=\"p1\"><strong>EL OCASO INSOSLAYABLE <\/strong>(1999&#8230;)<\/p>\n<p class=\"p1\">Hay un dicho \u00e1rabe, refiri\u00e9ndose a las Pir\u00e1mides de Giza, que dice lo siguiente: \u00abEl hombre teme al tiempo, pero el tiempo teme a las Pir\u00e1mides\u00bb. Pues bien, como otros dichos \u00e9ste no tiene ninguna credibilidad. Cient\u00edficamente es totalmente falsa, a la larga el tiempo y las convulsiones f\u00edsicas y qu\u00edmicas terminar\u00e1n con todo el planeta y cualquier cosa que contenga.<\/p>\n<p class=\"p1\">Los cient\u00edficos lo han anunciado: habr\u00e1 un momento en que este planeta se desvanecer\u00e1 sin ninguna soluci\u00f3n de continuidad. Absolutamente todas las cosas incluidas en este planeta tendr\u00e1n un final. Todas van cambiando paulatinamente hacia la decrepitud y en consecuencia hacia la destrucci\u00f3n final ya sean construcciones robustas, grandes prodigios de la naturaleza, personas, animales, vegetales o cualquier forma de viva o cualquier ente de materia inerte que exista sobre este planeta que habitamos acabar\u00e1 desapareciendo. Incluso minerales de dureza herculiana, estallar\u00e1n convertirse en millones de \u00e1tomos dispersos.<\/p>\n<p class=\"p1\">Este cambio de estado es algo que no podemos eludir, inevitablemente el devenir de la vida nos llevar\u00e1 en peque\u00f1a escala a la muerte y en gran escala a la desaparici\u00f3n m\u00e1s absoluta.<\/p>\n<p class=\"p1\">Por poner un par de ejemplos seis de las siete maravillas del mundo antiguo ya han desaparecido y en el mar de Aral ya no queda ni una gota de agua. S\u00f3lo en la memoria, humana o f\u00edsica -documentaci\u00f3n-, perduran algunos de estos extraordinarios prodigios hechos por la naturaleza o la mano del hombre.<\/p>\n<p class=\"p1\">He querido ejemplificar este hecho fotografiando ruinas que nos explican que el paso del tiempo es insoslayable para todos y que todo lo que nos rodea acabar\u00e1 desapareciendo transformado en \u00e1tomos.<\/p>\n<p class=\"p1\">MEDIDAS: 40 X 40 cm<\/p>\n<p class=\"p1\">N\u00daMERO DE IM\u00c1GENES: 17 (en progr\u00e8s)<\/p>\n<p class=\"p1\">Copias 40 x 40 sobre papel 50 x 60<\/p>\n<p class=\"p1\">Papel Hahnem\u00fchlemat. Copia Gicl\u00e9e<\/p>\n<p>[\/vc_column_text][\/vc_column][vc_column width=\u00bb1\/2&#8243;][vc_media_grid element_width=\u00bb6&#8243; gap=\u00bb15&#8243; css=\u00bb\u00bb initial_loading_animation=\u00bbnone\u00bb grid_id=\u00bbvc_gid:1776588862749-75a0a9bf-9e3c-8&#8243; include=\u00bb1692,1693,1694,1695,1696,1697,1698,1699,1700,1701,1702,1703,1704,1705,1706,1707&#8243;][\/vc_column][\/vc_row]<\/p>\n<\/div>","protected":false},"excerpt":{"rendered":"<p>[vc_row][vc_column width=\u00bb1\/2&#8243;][vc_column_text css=\u00bb\u00bb] EL OCASO INSOSLAYABLE (1999&#8230;) Hay un dicho \u00e1rabe, refiri\u00e9ndose a las Pir\u00e1mides de Giza, que dice lo siguiente: \u00abEl hombre teme al tiempo, pero el tiempo teme a las Pir\u00e1mides\u00bb. Pues bien, como otros dichos \u00e9ste no tiene ninguna credibilidad. Cient\u00edficamente es totalmente falsa, a la larga el tiempo y las convulsiones&hellip;<\/p>\n","protected":false},"author":1,"featured_media":0,"parent":0,"menu_order":0,"comment_status":"closed","ping_status":"closed","template":"","meta":{"footnotes":""},"class_list":["post-1689","page","type-page","status-publish","hentry","description-off"],"translation":{"provider":"WPGlobus","version":"3.0.2","language":"es","enabled_languages":["ca","es","gb"],"languages":{"ca":{"title":true,"content":true,"excerpt":false},"es":{"title":true,"content":true,"excerpt":false},"gb":{"title":true,"content":true,"excerpt":false}}},"_links":{"self":[{"href":"https:\/\/jaumebuxeda.cat\/es\/wp-json\/wp\/v2\/pages\/1689"}],"collection":[{"href":"https:\/\/jaumebuxeda.cat\/es\/wp-json\/wp\/v2\/pages"}],"about":[{"href":"https:\/\/jaumebuxeda.cat\/es\/wp-json\/wp\/v2\/types\/page"}],"author":[{"embeddable":true,"href":"https:\/\/jaumebuxeda.cat\/es\/wp-json\/wp\/v2\/users\/1"}],"replies":[{"embeddable":true,"href":"https:\/\/jaumebuxeda.cat\/es\/wp-json\/wp\/v2\/comments?post=1689"}],"version-history":[{"count":4,"href":"https:\/\/jaumebuxeda.cat\/es\/wp-json\/wp\/v2\/pages\/1689\/revisions"}],"predecessor-version":[{"id":1721,"href":"https:\/\/jaumebuxeda.cat\/es\/wp-json\/wp\/v2\/pages\/1689\/revisions\/1721"}],"wp:attachment":[{"href":"https:\/\/jaumebuxeda.cat\/es\/wp-json\/wp\/v2\/media?parent=1689"}],"curies":[{"name":"wp","href":"https:\/\/api.w.org\/{rel}","templated":true}]}}