{"id":1667,"date":"2026-04-19T08:36:23","date_gmt":"2026-04-19T08:36:23","guid":{"rendered":"https:\/\/jaumebuxeda.cat\/?page_id=1667"},"modified":"2026-04-19T09:05:11","modified_gmt":"2026-04-19T09:05:11","slug":"laberint-de-pedres","status":"publish","type":"page","link":"https:\/\/jaumebuxeda.cat\/es\/laberint-de-pedres","title":{"rendered":"LABERINTO DE PIEDRAS"},"content":{"rendered":"<div class=\"wpb-content-wrapper\"><p>[vc_row][vc_column width=\u00bb1\/2&#8243;][vc_column_text css=\u00bb\u00bb]<\/p>\n<p class=\"p1\"><strong><span class=\"s1\">LABERINTO DE PIEDRAS <\/span><\/strong><span class=\"s1\">(1990&#8230;)<\/span><\/p>\n<p class=\"p1\">Un laberinto es una construcci\u00f3n, normalmente hecha al aire libre, de pasillos delimitados por altas paredes que marcan recorridos intrincados y complicados que surgen al paso del visitante para llegar a una meta que es el centro del laberinto.<\/p>\n<p class=\"p1\">Habitualmente para la construcci\u00f3n de los caminos laber\u00ednticos se utilizan vallas vegetales hechas con boj, laurel o cipr\u00e9s. Tambi\u00e9n podemos encontrarnos hechos con piedras, de m\u00e1s atrevidos construidos con cristales y espejos con la dificultad a\u00f1adida de la transparencia entre pasillos. De hecho, cualquier material que pueda separar un pasillo de otro sirve. Incluso se han realizado laberintos con balas de paja.<\/p>\n<p class=\"p1\">El simbolismo del laberinto es m\u00faltiple: desde un viaje ya sea espiritual o intelectual, o la superaci\u00f3n de desaf\u00edos y obst\u00e1culos a los que nos afrontamos en la vida, o incluso una transformaci\u00f3n y renacimiento. Cuando se llega al coraz\u00f3n del laberinto despu\u00e9s de muchas angustias y dificultades orientativas se da una paradoja, ahora hay que buscar el camino de salida. De nuevo el caminante debe superar enrevesados \u200b\u200bcaminos llenos de enga\u00f1os visuales para acabar logrando el reto del laberinto.<\/p>\n<p class=\"p1\">Laberinto de piedras no quiere mostrar una colecci\u00f3n de laberintos al uso haciendo una suerte de cat\u00e1logo. Sencillamente pretende enga\u00f1ar al espectador enredarle la percepci\u00f3n espacial de las im\u00e1genes, lo que en franc\u00e9s se denomina \u00abtrompe-l&#8217;\u0153il\u00bb -enga\u00f1ar al ojo-. No son construcciones laber\u00ednticas representadas en las fotograf\u00edas sino edificaciones hechas con piedra. La perspectiva usada para la realizaci\u00f3n de las im\u00e1genes hace que la superposici\u00f3n de espacios, superficies y aberturas hagan dudar al espectador sobre la disposici\u00f3n real del espacio fotografiado sobreviniendo un laberinto visual.<\/p>\n<p class=\"p1\">MEDIDAS 40 X 40 cm<\/p>\n<p class=\"p1\">N\u00daMERO DE IM\u00c1GENES: 18 (en progr\u00e8s)<\/p>\n<p class=\"p1\">Copias 40 x 40 sobre papel 50 x 60<\/p>\n<p class=\"p1\">Paper Hahnem\u00fchlemat. Copia Gicl\u00e9e<\/p>\n<p>[\/vc_column_text][\/vc_column][vc_column width=\u00bb1\/2&#8243;][vc_media_grid element_width=\u00bb6&#8243; gap=\u00bb15&#8243; css=\u00bb\u00bb initial_loading_animation=\u00bbnone\u00bb grid_id=\u00bbvc_gid:1776587904039-771a93a3-28db-10&#8243; include=\u00bb1670,1671,1672,1673,1674,1675,1676,1677,1678,1679,1680,1681,1682,1683,1684,1685,1686,1687&#8243;][\/vc_column][\/vc_row]<\/p>\n<\/div>","protected":false},"excerpt":{"rendered":"<p>[vc_row][vc_column width=\u00bb1\/2&#8243;][vc_column_text css=\u00bb\u00bb] LABERINTO DE PIEDRAS (1990&#8230;) Un laberinto es una construcci\u00f3n, normalmente hecha al aire libre, de pasillos delimitados por altas paredes que marcan recorridos intrincados y complicados que surgen al paso del visitante para llegar a una meta que es el centro del laberinto. Habitualmente para la construcci\u00f3n de los caminos laber\u00ednticos se&hellip;<\/p>\n","protected":false},"author":1,"featured_media":0,"parent":0,"menu_order":0,"comment_status":"closed","ping_status":"closed","template":"","meta":{"footnotes":""},"class_list":["post-1667","page","type-page","status-publish","hentry","description-off"],"translation":{"provider":"WPGlobus","version":"3.0.2","language":"es","enabled_languages":["ca","es","gb"],"languages":{"ca":{"title":true,"content":true,"excerpt":false},"es":{"title":true,"content":true,"excerpt":false},"gb":{"title":true,"content":true,"excerpt":false}}},"_links":{"self":[{"href":"https:\/\/jaumebuxeda.cat\/es\/wp-json\/wp\/v2\/pages\/1667"}],"collection":[{"href":"https:\/\/jaumebuxeda.cat\/es\/wp-json\/wp\/v2\/pages"}],"about":[{"href":"https:\/\/jaumebuxeda.cat\/es\/wp-json\/wp\/v2\/types\/page"}],"author":[{"embeddable":true,"href":"https:\/\/jaumebuxeda.cat\/es\/wp-json\/wp\/v2\/users\/1"}],"replies":[{"embeddable":true,"href":"https:\/\/jaumebuxeda.cat\/es\/wp-json\/wp\/v2\/comments?post=1667"}],"version-history":[{"count":4,"href":"https:\/\/jaumebuxeda.cat\/es\/wp-json\/wp\/v2\/pages\/1667\/revisions"}],"predecessor-version":[{"id":1710,"href":"https:\/\/jaumebuxeda.cat\/es\/wp-json\/wp\/v2\/pages\/1667\/revisions\/1710"}],"wp:attachment":[{"href":"https:\/\/jaumebuxeda.cat\/es\/wp-json\/wp\/v2\/media?parent=1667"}],"curies":[{"name":"wp","href":"https:\/\/api.w.org\/{rel}","templated":true}]}}