{"id":1638,"date":"2026-04-17T18:33:50","date_gmt":"2026-04-17T18:33:50","guid":{"rendered":"https:\/\/jaumebuxeda.cat\/?page_id=1638"},"modified":"2026-04-19T09:18:57","modified_gmt":"2026-04-19T09:18:57","slug":"altars","status":"publish","type":"page","link":"https:\/\/jaumebuxeda.cat\/es\/altars","title":{"rendered":"ALTARES"},"content":{"rendered":"<div class=\"wpb-content-wrapper\"><p>[vc_row][vc_column width=\u00bb1\/2&#8243;][vc_column_text css=\u00bb\u00bb]<\/p>\n<p class=\"p1\"><strong>ALTARES <\/strong>(2014..)<\/p>\n<p class=\"p1\">Debemos adentrarnos en la noche de los tiempos para encontrar las primeras construcciones que podr\u00edan denominarse altares. Todas las civilizaciones han tenido la necesidad de tener un emplazamiento donde poder celebrar los rituales que la religi\u00f3n o el poder establecido ordenaban. \u00c9ste era un lugar normalmente elevado para que todo el mundo pudiera verlo y de alguna manera participar. Estas estructuras se denominan altares que viene del lat\u00edn <i>altare<\/i> que significa elevaci\u00f3n.<\/p>\n<p class=\"p1\">As\u00ed pues los primeros altares s\u00f3lo eran un mont\u00f3n de piedras dispuestas una encima de la otra para ganar altura. M\u00e1s tarde se hicieron de madera, una especie de mesa que se pod\u00eda transportar de un sitio a otro, finalmente la confecci\u00f3n de los altares se realiz\u00f3 en piedras nobles como el m\u00e1rmol, granito&#8230; que es tal y como los conocemos hoy en d\u00eda.<\/p>\n<p class=\"p1\">Pueden situarse en un espacio abierto o dentro de una construcci\u00f3n pero siempre ocupando un lugar prominente de tal forma que sea el centro del ritual.<\/p>\n<p class=\"p1\">Un altar es un espacio sagrado cuya intenci\u00f3n es la de servir para la conexi\u00f3n con lo divino. Su esencia radica en ser un punto para las pr\u00e1cticas espirituales como la meditaci\u00f3n, la introspecci\u00f3n con uno mismo o la oraci\u00f3n en caso de costumbres religiosas.<\/p>\n<p class=\"p1\">Pero en muchas tradiciones la mesa hace la funci\u00f3n del altar. Encontrarse en torno a una mesa representa el deseo de ser conocidos, queridos y aceptados dentro de un grupo con una aceptaci\u00f3n mutua y un v\u00ednculo emocional profundo.<\/p>\n<p class=\"p1\">La propuesta \u201cAltares\u201d no quiere representar s\u00f3lo los tabern\u00e1culos destinados a usos religiosos, sino tambi\u00e9n a los que congregan a personas a su alrededor para celebrar en comuni\u00f3n alguna efem\u00e9ride, acontecimiento, suceso&#8230; o quiz\u00e1 solo para hacer un encuentro sin ning\u00fan \u00e1nimo de ritualizar nada.<\/p>\n<p class=\"p1\">Cualquier circunstancia de las antes mencionadas implica un concepto b\u00e1sico de la condici\u00f3n humana: reunirse en comunidad.<\/p>\n<p class=\"p1\">Absoltamente en todas las culturas y \u00e9pocas tanto sea por bien o por mal el hecho de congregarse en torno a una mesa, altar o cualquier otra construcci\u00f3n ha sido una de las caracter\u00edsticas de la humanidad. \u00c9ste es el hecho que me ha hecho reflexionar sobre cu\u00e1l es el impulso instintivo de supervivencia que nos hace animales corporativos.<\/p>\n<p class=\"p1\">Seg\u00fan la etolog\u00eda, ciencia que estudia el comportamiento animal, la conducta del ser humano se basa en dos pautas que dirigen las acciones que lleva a cabo, son la innata (instinto) o la aprendida (conocimiento adquirido o descubierto).<\/p>\n<p class=\"p1\">\u00c9sta fue la conclusi\u00f3n durante que muchos a\u00f1os prevaleci\u00f3. Actualmente se piensa que en muchos casos los actos que realiza el ser humano tienen parte de las dos pautas: la instintiva y la aprendida. La finalidad es la supervivencia del individuo y\/o de la especie.<\/p>\n<p class=\"p1\">Los et\u00f3logos afirman que la sociabilidad humana no es s\u00f3lo un hecho cultural, sino una adaptaci\u00f3n biol\u00f3gica imprescindible para nuestra supervivencia.<\/p>\n<p class=\"p1\">MEDIDAS: 50 X 50 cm<\/p>\n<p class=\"p1\">N\u00daMERO DE IM\u00c1GENES: 24 (en progreso)<\/p>\n<p class=\"p1\">Copias 40 x 40 sobre papel 50 x 60<\/p>\n<p class=\"p1\">Papel Hahnem\u00fchlemat. copia Gicl\u00e9e<\/p>\n<p class=\"p1\">[\/vc_column_text][\/vc_column][vc_column width=\u00bb1\/2&#8243;][vc_media_grid element_width=\u00bb6&#8243; gap=\u00bb15&#8243; css=\u00bb\u00bb grid_id=\u00bbvc_gid:1776451017709-fe3f1572-9077-8&#8243; include=\u00bb1641,1642,1643,1644,1645,1646,1647,1648,1649,1650,1651,1652,1653,1654,1655&#8243;][\/vc_column][\/vc_row]<\/p>\n<\/div>","protected":false},"excerpt":{"rendered":"<p>[vc_row][vc_column width=\u00bb1\/2&#8243;][vc_column_text css=\u00bb\u00bb] ALTARES (2014..) Debemos adentrarnos en la noche de los tiempos para encontrar las primeras construcciones que podr\u00edan denominarse altares. Todas las civilizaciones han tenido la necesidad de tener un emplazamiento donde poder celebrar los rituales que la religi\u00f3n o el poder establecido ordenaban. \u00c9ste era un lugar normalmente elevado para que todo&hellip;<\/p>\n","protected":false},"author":1,"featured_media":0,"parent":0,"menu_order":0,"comment_status":"closed","ping_status":"closed","template":"","meta":{"footnotes":""},"class_list":["post-1638","page","type-page","status-publish","hentry","description-off"],"translation":{"provider":"WPGlobus","version":"3.0.2","language":"es","enabled_languages":["ca","es","gb"],"languages":{"ca":{"title":true,"content":true,"excerpt":false},"es":{"title":true,"content":true,"excerpt":false},"gb":{"title":true,"content":true,"excerpt":false}}},"_links":{"self":[{"href":"https:\/\/jaumebuxeda.cat\/es\/wp-json\/wp\/v2\/pages\/1638"}],"collection":[{"href":"https:\/\/jaumebuxeda.cat\/es\/wp-json\/wp\/v2\/pages"}],"about":[{"href":"https:\/\/jaumebuxeda.cat\/es\/wp-json\/wp\/v2\/types\/page"}],"author":[{"embeddable":true,"href":"https:\/\/jaumebuxeda.cat\/es\/wp-json\/wp\/v2\/users\/1"}],"replies":[{"embeddable":true,"href":"https:\/\/jaumebuxeda.cat\/es\/wp-json\/wp\/v2\/comments?post=1638"}],"version-history":[{"count":6,"href":"https:\/\/jaumebuxeda.cat\/es\/wp-json\/wp\/v2\/pages\/1638\/revisions"}],"predecessor-version":[{"id":1711,"href":"https:\/\/jaumebuxeda.cat\/es\/wp-json\/wp\/v2\/pages\/1638\/revisions\/1711"}],"wp:attachment":[{"href":"https:\/\/jaumebuxeda.cat\/es\/wp-json\/wp\/v2\/media?parent=1638"}],"curies":[{"name":"wp","href":"https:\/\/api.w.org\/{rel}","templated":true}]}}