{"id":1500,"date":"2023-07-23T09:31:25","date_gmt":"2023-07-23T09:31:25","guid":{"rendered":"https:\/\/jaumebuxeda.cat\/?page_id=1500"},"modified":"2024-05-20T16:53:32","modified_gmt":"2024-05-20T16:53:32","slug":"subcelona","status":"publish","type":"page","link":"https:\/\/jaumebuxeda.cat\/es\/subcelona","title":{"rendered":"Subcelona"},"content":{"rendered":"<div class=\"wpb-content-wrapper\"><p>[vc_row][vc_column width=\u00bb1\/2&#8243;][vc_column_text]<\/p>\n<p><strong>SUBCELONA<\/strong><\/p>\n<p>Subcelona fue mi primer trabajo con intenci\u00f3n de configurar una serie de fotograf\u00edas explicando un tema concreto donde una est\u00e9tica y un concepto fuera com\u00fan a todas las im\u00e1genes que deb\u00edan componerlo.<\/p>\n<p>La serie fue realizada entre los a\u00f1os 1984 y 1985, justo cuando termin\u00e9 los estudios de fotograf\u00eda. Pienso que en este trabajo, que considero mi \u201copera prima\u201d, est\u00e1n presentes las influencias de maestros y autores importantes y que existe una marcada preocupaci\u00f3n por el control t\u00e9cnico del tono y la nitidez de la imagen.<\/p>\n<p>Sintetic\u00e9 fotogr\u00e1ficamente la angustia de vivir en una especie de ciudad subterr\u00e1nea como es el transporte suburbano de una gran urbe.<\/p>\n<p>Normalmente cuando se utiliza el transporte p\u00fablico subterr\u00e1neo se hacen recorridos de 20 minutos, 30 o incluso 40. En este \u00faltimo caso algunas personas comienzan a sufrir angustia por estar todo ese tiempo sin poder salir el exterior. Es innegable que este estado claustrof\u00f3bico y la inevitable vulneraci\u00f3n del espacio personal afecta en mayor o menor medida a las sensaciones de seguridad del individuo provocando situaciones de defensivas que muchas veces acontecen en episodios de agresividad.<\/p>\n<p>En mi caso lo que puedo afirmar es que despu\u00e9s de las sesiones fotogr\u00e1ficas, que a veces duraban m\u00e1s de cuatro horas, cuando sal\u00eda del Metro daba gracias de poder respirar aire fresco, aunque fuera contaminado.<\/p>\n<p>&nbsp;<\/p>\n<p><strong><em>Escrito de Lu\u00eds Ochandorena para presentar la exposici\u00f3n que se realiz\u00f3 en diferentes galer\u00edas.<\/em><\/strong><\/p>\n<p>La m\u00e1s joven fotograf\u00eda de nuestro pa\u00eds ha nacido acomplejada ante la fuerza con la que la anterior generaci\u00f3n de fot\u00f3grafos irrumpi\u00f3 en su d\u00eda en el escenario espa\u00f1ol. Pocos han sabido convertir este peso en un bagaje que les sirviera de base para la b\u00fasqueda de un lenguaje personal. Jaume Buxeda ha empezado a andar este camino.<\/p>\n<p>Podemos encontrar en su fotograf\u00eda elementos que nos remiten, por s\u00ed mismos, a fot\u00f3grafos consagrados (inclinaci\u00f3n de la c\u00e1mara, espacios cuasi surrealistas, ausencia de personas y de cielo), pero que en su conjunto entretejen una base estil\u00edstica propia.<\/p>\n<p>Puede que su elemento m\u00e1s personal sea esa forma tan agresiva de trastocar los espacio. No podemos decir que eso sea fruta, solamente, de la inclinaci\u00f3n de la c\u00e1mara, sino que es su particular visi\u00f3n la que nos hace sufrir hasta encontrar alg\u00fan punto de referencia que nos posicione con respecto a la fotograf\u00eda. Esta agresividad se sigue manteniendo en las tonalidades, bastante densas y en la gran profusi\u00f3n, en muchas de sus fotos, de la l\u00ednea recta.<\/p>\n<p>Pero hay un aspecto que nos hace m\u00e1s amable la foto, el tono l\u00edrico con que utiliza algunos elementos, como la textura de las paredes o los fluorescente, a pesar de que el tema no se presta para visiones po\u00e9ticas.<\/p>\n<p>Ahora habr\u00e1 que esperar a conocer cu\u00e1l va a ser la selecci\u00f3n de palabras de su vocabulario fotogr\u00e1fico, para ver a d\u00f3nde nos lleva su particular viaje art\u00edstico.<\/p>\n<p>Lu\u00eds Ochandorena, 10 de febrero de 1985<\/p>\n<p>&nbsp;<\/p>\n<p>FECHA: 1985<br \/>\nMEDIDAS: 27 X 39,5 cm<br \/>\nN\u00daMERO DE IM\u00c1GENES: 25<br \/>\nPAPEL: Negra Portrene<br \/>\nSERIE EXCLUSIVA: Copias montadas en paspart\u00fa 40 x 50 cm<\/p>\n<p>[\/vc_column_text][\/vc_column][vc_column width=\u00bb1\/2&#8243;][vc_media_grid element_width=\u00bb6&#8243; item=\u00bbmasonryMedia_Default\u00bb initial_loading_animation=\u00bbnone\u00bb grid_id=\u00bbvc_gid:1690104413171-c4b9e8a2-6efe-4&#8243; include=\u00bb1502,1526,1525,1524,1503,1510,1513,1508,1509,1507,1506,1505,1504,1511,1517,1516,1515,1514,1512,1518,1522,1521,1520,1523,1519&#8243;][\/vc_column][\/vc_row]<\/p>\n<\/div>","protected":false},"excerpt":{"rendered":"<p>[vc_row][vc_column width=\u00bb1\/2&#8243;][vc_column_text] SUBCELONA Subcelona fue mi primer trabajo con intenci\u00f3n de configurar una serie de fotograf\u00edas explicando un tema concreto donde una est\u00e9tica y un concepto fuera com\u00fan a todas las im\u00e1genes que deb\u00edan componerlo. La serie fue realizada entre los a\u00f1os 1984 y 1985, justo cuando termin\u00e9 los estudios de fotograf\u00eda. Pienso que en&hellip;<\/p>\n","protected":false},"author":1,"featured_media":0,"parent":0,"menu_order":0,"comment_status":"closed","ping_status":"closed","template":"","meta":{"footnotes":""},"class_list":["post-1500","page","type-page","status-publish","hentry","description-off"],"translation":{"provider":"WPGlobus","version":"3.0.2","language":"es","enabled_languages":["ca","es","gb"],"languages":{"ca":{"title":true,"content":true,"excerpt":false},"es":{"title":true,"content":true,"excerpt":false},"gb":{"title":true,"content":true,"excerpt":false}}},"_links":{"self":[{"href":"https:\/\/jaumebuxeda.cat\/es\/wp-json\/wp\/v2\/pages\/1500"}],"collection":[{"href":"https:\/\/jaumebuxeda.cat\/es\/wp-json\/wp\/v2\/pages"}],"about":[{"href":"https:\/\/jaumebuxeda.cat\/es\/wp-json\/wp\/v2\/types\/page"}],"author":[{"embeddable":true,"href":"https:\/\/jaumebuxeda.cat\/es\/wp-json\/wp\/v2\/users\/1"}],"replies":[{"embeddable":true,"href":"https:\/\/jaumebuxeda.cat\/es\/wp-json\/wp\/v2\/comments?post=1500"}],"version-history":[{"count":17,"href":"https:\/\/jaumebuxeda.cat\/es\/wp-json\/wp\/v2\/pages\/1500\/revisions"}],"predecessor-version":[{"id":1576,"href":"https:\/\/jaumebuxeda.cat\/es\/wp-json\/wp\/v2\/pages\/1500\/revisions\/1576"}],"wp:attachment":[{"href":"https:\/\/jaumebuxeda.cat\/es\/wp-json\/wp\/v2\/media?parent=1500"}],"curies":[{"name":"wp","href":"https:\/\/api.w.org\/{rel}","templated":true}]}}