{"id":1115,"date":"2021-05-16T21:15:03","date_gmt":"2021-05-16T21:15:03","guid":{"rendered":"https:\/\/jaumebuxeda.cat\/?page_id=1115"},"modified":"2026-04-19T12:08:00","modified_gmt":"2026-04-19T12:08:00","slug":"paratges-secrets","status":"publish","type":"page","link":"https:\/\/jaumebuxeda.cat\/es\/paratges-secrets","title":{"rendered":"PARATGES SECRETS"},"content":{"rendered":"<div class=\"wpb-content-wrapper\"><p>[vc_row][vc_column width=\u00bb1\/2&#8243;][vc_column_text]<\/p>\n<p class=\"p3\"><strong><span class=\"s2\">PARAJES SECRETOS<\/span><\/strong><\/p>\n<p class=\"p1\">Esta propuesta fotogr\u00e1fica habla de lugares que, sin saber el motivo, nos conmueven. En la mayor\u00eda de ocasiones el entendimiento humano no es capaz de discernir la raz\u00f3n de porqu\u00e9 un espacio en concreto causa diferentes percepciones a la persona que lo observa o transita por \u00e9l.<\/p>\n<p class=\"p1\">De hecho, hay dos maneras de relacionarse con un espacio. Una como espectador, es decir, cuando se mira un lugar desde una posici\u00f3n contemplativa sin invadirlo ni modificarlo y la segunda como actor, cuando la persona entra en un \u00e1mbito interaccionando con el espacio ya sea de manera involuntaria como por ejemplo caminando por \u00e9l o voluntariamente con el prop\u00f3sito de modificarlo deliberadamente.<\/p>\n<p class=\"p1\">Usualmente edificios religiosos, palacios, audiencias, antiguas fortificaciones, jardines son ejemplos de arquitecturas y espacios expresamente dise\u00f1ados para esta funci\u00f3n: la de impresionar a las personas que los visitan. Pongamos por ejemplo las sensaciones que tenemos cuando visitamos Santa Sofia (Estambul), <span class=\"s1\">Treptower Park<\/span>\u00a0(Berl\u00edn) o <span class=\"s1\">Sacsayhuam\u00e1n (Cuzco)&#8230;<\/span><\/p>\n<p class=\"p1\">Igualmente encontramos lugares que la naturaleza, de una manera espont\u00e1nea, ha conseguido exactamente el mismo efecto, pero supuestamente sin ning\u00fan prop\u00f3sito. Estos sitios nos han emocionado y a veces turbado: paisajes dulces, monta\u00f1as agrestes, cataratas amenazadoras, acantilados de v\u00e9rtigo. Muestras de estos lugares ser\u00edan las Cataratas de Iguaz\u00fa (Argentina\/Brasil), Cuevas de Zugarramurdi (Navarra), la Playa de las Catedrales (Galicia)\u2026 No obstante, debemos tener en cuenta que lugares m\u00e1s modestos provocan las mismas turbaciones. A menudo sitios escondidos en cualquier recodo pueden tener tanto o m\u00e1s magnetismo que grandes monumentos o que lugares silvestres espectaculares.<\/p>\n<p class=\"p1\">Del mismo modo que el s\u00edndrome de Stendhal turba la mente a trav\u00e9s de la belleza, existen determinados parajes que causan emociones trastornando la conciencia.<\/p>\n<p class=\"p1\">La ciencia explica que fisiol\u00f3gicamente las emociones provocan reacciones del sistema nervioso aut\u00f3nomo y del sistema endocrino. \u00c9ste, de una manera inconsciente, dispersa hormonas por todo el cuerpo haciendo que, a veces, perturben la sensatez y de una manera aparentemente m\u00e1gica transporten a la persona a un mundo de sensaciones irracionales.<\/p>\n<p class=\"p1\">Por otro lado, los conocimientos aprendidos referenciados a una cultura y un tiempo concreto y las emociones sensoriales, \u00e9stas m\u00e1s universales, compilan en la mente un conjunto de \u00abinputs\u00bb que tambi\u00e9n ayudan al observador a relacionar un lugar con referentes cognitivos que habitan en alg\u00fan pliegue de su cerebro provoc\u00e1ndole diferentes estados de \u00e1nimo.<\/p>\n<p class=\"p1\">Estas perturbaciones pueden llegar a derivar en cuadros cl\u00ednicos que pueden ir desde un simple mareo, pasando por una taquicardia hasta diagn\u00f3sticos m\u00e1s severos.<\/p>\n<p class=\"p1\">Las fotograf\u00edas de esta serie se refieren estas sensaciones enigm\u00e1ticas que suceden en lugares donde la casualidad o la intencionalidad los ha configurado de tal manera que afectan a las personas que los observan o que deambulan por ellos y les hace sentir sin motivo aparente m\u00faltiples percepciones. Unas agradables, suaves, delicadas, placenteras, otras inciertas, inquietantes, repulsivas, turbadoras. Todo depender\u00e1 del entorno observado y de la persona que recibe las sensaciones del lugar concreto.<\/p>\n<p class=\"p1\">El tono de las im\u00e1genes en blanco y negro junto con el tipo de papel empleado en el copiado mate con un aspecto aterciopelado y la exposici\u00f3n en clave baja remarcando la oscuridad, acaban por conferir a la obra un aspecto misterioso que invita al espectador a descubrir detalles ocultos en las fotografias.<\/p>\n<p>MEDIDAS: 40 X 40 cm sobre papel 50 x 60 cm<br \/>\nN\u00daMERO DE IM\u00c1GENES: 80 (en progreso)<br \/>\nPAPEL: Hahnem\u00fchlemat. Copia Gicl\u00e9e<\/p>\n<p>[\/vc_column_text][\/vc_column][vc_column width=\u00bb1\/2&#8243;][vc_media_grid element_width=\u00bb6&#8243; gap=\u00bb15&#8243; css=\u00bb\u00bb grid_id=\u00bbvc_gid:1776586795434-630ae5f5-2ce1-5&#8243; include=\u00bb1112,1111,1110,1597,1596,1595,1594,1593,1592,1591,1590,1589,1588,1587,1586,1113&#8243;][\/vc_column][\/vc_row]<\/p>\n<\/div>","protected":false},"excerpt":{"rendered":"<p>[vc_row][vc_column width=\u00bb1\/2&#8243;][vc_column_text] PARAJES SECRETOS Esta propuesta fotogr\u00e1fica habla de lugares que, sin saber el motivo, nos conmueven. En la mayor\u00eda de ocasiones el entendimiento humano no es capaz de discernir la raz\u00f3n de porqu\u00e9 un espacio en concreto causa diferentes percepciones a la persona que lo observa o transita por \u00e9l. De hecho, hay dos&hellip;<\/p>\n","protected":false},"author":1,"featured_media":0,"parent":0,"menu_order":0,"comment_status":"closed","ping_status":"closed","template":"","meta":{"footnotes":""},"class_list":["post-1115","page","type-page","status-publish","hentry","description-off"],"translation":{"provider":"WPGlobus","version":"3.0.2","language":"es","enabled_languages":["ca","es","gb"],"languages":{"ca":{"title":true,"content":true,"excerpt":false},"es":{"title":false,"content":true,"excerpt":false},"gb":{"title":false,"content":true,"excerpt":false}}},"_links":{"self":[{"href":"https:\/\/jaumebuxeda.cat\/es\/wp-json\/wp\/v2\/pages\/1115"}],"collection":[{"href":"https:\/\/jaumebuxeda.cat\/es\/wp-json\/wp\/v2\/pages"}],"about":[{"href":"https:\/\/jaumebuxeda.cat\/es\/wp-json\/wp\/v2\/types\/page"}],"author":[{"embeddable":true,"href":"https:\/\/jaumebuxeda.cat\/es\/wp-json\/wp\/v2\/users\/1"}],"replies":[{"embeddable":true,"href":"https:\/\/jaumebuxeda.cat\/es\/wp-json\/wp\/v2\/comments?post=1115"}],"version-history":[{"count":10,"href":"https:\/\/jaumebuxeda.cat\/es\/wp-json\/wp\/v2\/pages\/1115\/revisions"}],"predecessor-version":[{"id":1715,"href":"https:\/\/jaumebuxeda.cat\/es\/wp-json\/wp\/v2\/pages\/1115\/revisions\/1715"}],"wp:attachment":[{"href":"https:\/\/jaumebuxeda.cat\/es\/wp-json\/wp\/v2\/media?parent=1115"}],"curies":[{"name":"wp","href":"https:\/\/api.w.org\/{rel}","templated":true}]}}