{"id":1047,"date":"2021-02-09T20:57:26","date_gmt":"2021-02-09T20:57:26","guid":{"rendered":"https:\/\/web.jaumebuxeda.cat\/?page_id=1047"},"modified":"2024-05-25T05:56:47","modified_gmt":"2024-05-25T05:56:47","slug":"transmutes","status":"publish","type":"page","link":"https:\/\/jaumebuxeda.cat\/es\/transmutes","title":{"rendered":"TRANSMUTAS"},"content":{"rendered":"<div class=\"wpb-content-wrapper\"><p>[vc_row][vc_column width=\u00bb1\/2&#8243;][vc_column_text]<\/p>\n<p class=\"p1\"><strong><span class=\"s1\">TRANSMUTAS<\/span><\/strong><\/p>\n<p class=\"p1\"><span class=\"s1\">Transmutas es un teatro oscuro donde actores y actrices danzan improvisando movimientos convulsos con sus cuerpos guiados por que su instinto les dicta. Sin ning\u00fan razonamiento prefijado, s\u00f3lo dejando que el cuerpo se rebele y dicte a la mente qu\u00e9 ritmos debe seguir.<\/span><\/p>\n<p class=\"p1\"><span class=\"s1\">Desde los albores del tiempo, la raza humana ha consumido sustancias psicotr\u00f3picas que han<\/span><\/p>\n<p class=\"p1\"><span class=\"s1\">alterado la conciencia. Ingeridas de una manera u otra han provocado percepciones y alteraciones de la realidad que han servido para diferentes funciones. Desde estimular la creaci\u00f3n art\u00edstica pasando por usos medicinales, hasta ser elemento indispensable en ciertos rituales religiosos.<\/span><\/p>\n<p class=\"p1\"><span class=\"s1\">Mediante t\u00e9cnicas fotogr\u00e1ficas concretas obtenemos resultados visuales que nos transportan a una realidad paralela como tambi\u00e9n lo hacen las sustancias psicoactivas.<\/span><\/p>\n<p class=\"p1\"><span class=\"s1\">Transmutas son cuerpos que el binomio c\u00e1mara y pel\u00edcula traslada a otra realidad no observable con nuestra visi\u00f3n. Las malformaciones visuales surgidas del uso de esta t\u00e9cnica nos evocan unas transmutaciones humanas en que parecen seres fantasmag\u00f3ricos producto de una mente bajo el efecto de alg\u00fan tipo de alucin\u00f3geno.<\/span><\/p>\n<p class=\"p1\"><span class=\"s1\">Esta t\u00e9cnica al igual que los al alucin\u00f3genos nos plantea una duda un poco inquietante, \u00bfcu\u00e1l es la realidad \u201caut\u00e9ntica\u201d la realidad que vemos supuestamente normal con nuestros ojos? o puede ser la que nos propone la c\u00e1mara\/pel\u00edcula? o puede que ninguna de ellas \u2026.<br \/>\n<\/span><\/p>\n<p class=\"p1\"><span class=\"s1\">Fecha:1992<\/span><\/p>\n<p class=\"p1\"><span class=\"s1\">Medidas: 50 X 38 cms.<\/span><\/p>\n<p class=\"p1\"><span class=\"s1\">Num. de im\u00e1genes: 15<\/span><\/p>\n<p class=\"p1\"><span class=\"s1\">Copias montadas a sangre en marco negro de 1cm.<\/span><\/p>\n<p class=\"p1\"><span class=\"s1\">Papel clorobromuro<\/span><\/p>\n<p>[\/vc_column_text][vc_video link=\u00bbhttps:\/\/youtu.be\/fNWzHJrVR8I\u00bb][\/vc_column][vc_column width=\u00bb1\/2&#8243;][vc_media_grid element_width=\u00bb6&#8243; item=\u00bbmasonryMedia_Default\u00bb grid_id=\u00bbvc_gid:1645552717467-76563818-aeca-4&#8243; include=\u00bb532,1140,527,520,501,491,486,481,476,471,466,1137,1138,1139,1081&#8243;][\/vc_column][\/vc_row][vc_row][vc_column][vc_column_text]<\/p>\n<\/div>","protected":false},"excerpt":{"rendered":"<p>[vc_row][vc_column width=\u00bb1\/2&#8243;][vc_column_text] TRANSMUTAS Transmutas es un teatro oscuro donde actores y actrices danzan improvisando movimientos convulsos con sus cuerpos guiados por que su instinto les dicta. Sin ning\u00fan razonamiento prefijado, s\u00f3lo dejando que el cuerpo se rebele y dicte a la mente qu\u00e9 ritmos debe seguir. Desde los albores del tiempo, la raza humana ha&hellip;<\/p>\n","protected":false},"author":1,"featured_media":0,"parent":0,"menu_order":0,"comment_status":"closed","ping_status":"closed","template":"","meta":{"footnotes":""},"class_list":["post-1047","page","type-page","status-publish","hentry","description-off"],"translation":{"provider":"WPGlobus","version":"3.0.2","language":"es","enabled_languages":["ca","es","gb"],"languages":{"ca":{"title":true,"content":true,"excerpt":false},"es":{"title":true,"content":true,"excerpt":false},"gb":{"title":true,"content":true,"excerpt":false}}},"_links":{"self":[{"href":"https:\/\/jaumebuxeda.cat\/es\/wp-json\/wp\/v2\/pages\/1047"}],"collection":[{"href":"https:\/\/jaumebuxeda.cat\/es\/wp-json\/wp\/v2\/pages"}],"about":[{"href":"https:\/\/jaumebuxeda.cat\/es\/wp-json\/wp\/v2\/types\/page"}],"author":[{"embeddable":true,"href":"https:\/\/jaumebuxeda.cat\/es\/wp-json\/wp\/v2\/users\/1"}],"replies":[{"embeddable":true,"href":"https:\/\/jaumebuxeda.cat\/es\/wp-json\/wp\/v2\/comments?post=1047"}],"version-history":[{"count":14,"href":"https:\/\/jaumebuxeda.cat\/es\/wp-json\/wp\/v2\/pages\/1047\/revisions"}],"predecessor-version":[{"id":1447,"href":"https:\/\/jaumebuxeda.cat\/es\/wp-json\/wp\/v2\/pages\/1047\/revisions\/1447"}],"wp:attachment":[{"href":"https:\/\/jaumebuxeda.cat\/es\/wp-json\/wp\/v2\/media?parent=1047"}],"curies":[{"name":"wp","href":"https:\/\/api.w.org\/{rel}","templated":true}]}}