{"id":1041,"date":"2021-02-09T20:45:46","date_gmt":"2021-02-09T20:45:46","guid":{"rendered":"https:\/\/web.jaumebuxeda.cat\/?page_id=1041"},"modified":"2026-04-17T18:15:33","modified_gmt":"2026-04-17T18:15:33","slug":"simbols","status":"publish","type":"page","link":"https:\/\/jaumebuxeda.cat\/es\/simbols","title":{"rendered":"S\u00cdMBOLOS"},"content":{"rendered":"<div class=\"wpb-content-wrapper\"><p>[vc_row][vc_column width=\u00bb1\/2&#8243;][vc_column_text]<\/p>\n<p class=\"p1\"><strong><span class=\"s1\">S\u00cdMBOLOS<\/span><\/strong><\/p>\n<p class=\"p1\"><span class=\"s2\">El s\u00edmbolo es la representaci\u00f3n de una idea mediante una imagen que por acuerdo se le asocia a un significado concreto. Su misi\u00f3n es la de transmitir ideas.<\/span><\/p>\n<p class=\"p1\"><span class=\"s2\">Una forma, un animal, un utensilio, un color pueden servir para explicar un pensamiento. De una manera convenida un grupo puede entender el significado de unas simples rayas pintadas en una posici\u00f3n determinada o bien el sentido de que puede tener, por ejemplo, una serpiente.<\/span><\/p>\n<p class=\"p1\"><span class=\"s2\">Se dan casos en que el mismo s\u00edmbolo puede tener diferentes significados en culturas diferentes o en \u00e9pocas diferentes. El ejemplo propuesto anteriormente puede ser uno de los m\u00e1s paradigm\u00e1ticos que podemos encontrar. Para la cultura egipcia la figura de la serpiente sol\u00eda estar asociada con algunos dioses y el s\u00edmbolo formado por dos serpientes representa la comuni\u00f3n entre el Yo superior y el Yo inferior. La cultura china cree que la mayor\u00eda de sus cualidades resultan positivas y se la considera como portadora de sabidur\u00eda divina. En la cultura celta suelen asociar a la serpiente con los dones de las curaciones. En cambio para la religi\u00f3n cristiana toman a la serpiente como s\u00edmbolo negativo de traici\u00f3n y tentaci\u00f3n. Tambi\u00e9n la religi\u00f3n jud\u00eda lo considera un animal amenazante y portador de muerte.<\/span><\/p>\n<p class=\"p1\"><span class=\"s2\">Esta serie es una colecci\u00f3n de s\u00edmbolos fotografiados a lo largo de muchos a\u00f1os en diferentes pa\u00edses.<\/span><\/p>\n<p class=\"p1\"><span class=\"s2\">Normalmente los s\u00edmbolos se encuentran en lugares como iglesias, grandes monumentos, edificios emblem\u00e1ticos \u2026 pero sorprendentemente muchas fotograf\u00edas han sido realizadas en lugares donde aparentemente no ten\u00eda porque haber ning\u00fan tipo de simbolog\u00eda. Es incre\u00edble la gran cantidad de mensajes simb\u00f3licas que se pueden ver en los lugares m\u00e1s inveros\u00edmiles. Esto hace pesar de que el lenguaje simb\u00f3lico est\u00e1 muy presente y que quiz\u00e1s nos influye sin que seamos conscientes.<\/span><\/p>\n<p class=\"p1\"><span class=\"s1\">MEDIDAS: 40 X 40 cm<\/span><\/p>\n<p class=\"p1\"><span class=\"s1\">N\u00daMERO DE IM\u00c1GENES: 26 (en progreso)<\/span><\/p>\n<p class=\"p1\"><span class=\"s1\">Copias 40 x 40 sobre paper 50 x 60 <\/span><\/p>\n<p class=\"p1\"><span class=\"s1\">Papel Hahnem\u00fchlemat. Copia Gicl\u00e9e<\/span><\/p>\n<p>[\/vc_column_text][vc_single_image image=\u00bb1133&#8243; img_size=\u00bbmedium\u00bb][vc_single_image image=\u00bb1132&#8243; img_size=\u00bbmedium\u00bb][vc_single_image image=\u00bb1131&#8243; img_size=\u00bbmedium\u00bb][vc_single_image image=\u00bb1130&#8243; img_size=\u00bbmedium\u00bb][\/vc_column][vc_column width=\u00bb1\/2&#8243;][vc_media_grid element_width=\u00bb6&#8243; gap=\u00bb15&#8243; item=\u00bbmasonryMedia_Default\u00bb css=\u00bb\u00bb grid_id=\u00bbvc_gid:1776448780709-2f9d61de-843c-6&#8243; include=\u00bb777,757,763,769,942,943,959,960,961,962,964,965,966,967,969,1626,1627,1628,1629,1630,1631&#8243;][\/vc_column][\/vc_row]<\/p>\n<p>&nbsp;<\/p>\n<\/div>","protected":false},"excerpt":{"rendered":"<p>[vc_row][vc_column width=\u00bb1\/2&#8243;][vc_column_text] S\u00cdMBOLOS El s\u00edmbolo es la representaci\u00f3n de una idea mediante una imagen que por acuerdo se le asocia a un significado concreto. Su misi\u00f3n es la de transmitir ideas. Una forma, un animal, un utensilio, un color pueden servir para explicar un pensamiento. De una manera convenida un grupo puede entender el significado&hellip;<\/p>\n","protected":false},"author":1,"featured_media":0,"parent":0,"menu_order":0,"comment_status":"closed","ping_status":"closed","template":"","meta":{"footnotes":""},"class_list":["post-1041","page","type-page","status-publish","hentry","description-off"],"translation":{"provider":"WPGlobus","version":"3.0.2","language":"es","enabled_languages":["ca","es","gb"],"languages":{"ca":{"title":true,"content":true,"excerpt":false},"es":{"title":true,"content":true,"excerpt":false},"gb":{"title":true,"content":true,"excerpt":false}}},"_links":{"self":[{"href":"https:\/\/jaumebuxeda.cat\/es\/wp-json\/wp\/v2\/pages\/1041"}],"collection":[{"href":"https:\/\/jaumebuxeda.cat\/es\/wp-json\/wp\/v2\/pages"}],"about":[{"href":"https:\/\/jaumebuxeda.cat\/es\/wp-json\/wp\/v2\/types\/page"}],"author":[{"embeddable":true,"href":"https:\/\/jaumebuxeda.cat\/es\/wp-json\/wp\/v2\/users\/1"}],"replies":[{"embeddable":true,"href":"https:\/\/jaumebuxeda.cat\/es\/wp-json\/wp\/v2\/comments?post=1041"}],"version-history":[{"count":11,"href":"https:\/\/jaumebuxeda.cat\/es\/wp-json\/wp\/v2\/pages\/1041\/revisions"}],"predecessor-version":[{"id":1634,"href":"https:\/\/jaumebuxeda.cat\/es\/wp-json\/wp\/v2\/pages\/1041\/revisions\/1634"}],"wp:attachment":[{"href":"https:\/\/jaumebuxeda.cat\/es\/wp-json\/wp\/v2\/media?parent=1041"}],"curies":[{"name":"wp","href":"https:\/\/api.w.org\/{rel}","templated":true}]}}