{"id":1032,"date":"2021-02-09T19:19:56","date_gmt":"2021-02-09T19:19:56","guid":{"rendered":"https:\/\/web.jaumebuxeda.cat\/?page_id=1032"},"modified":"2024-05-25T05:59:32","modified_gmt":"2024-05-25T05:59:32","slug":"quadern-de-bitacola","status":"publish","type":"page","link":"https:\/\/jaumebuxeda.cat\/es\/quadern-de-bitacola","title":{"rendered":"CUADERNO DE BIT\u00c1CORA"},"content":{"rendered":"<div class=\"wpb-content-wrapper\"><p>[vc_row][vc_column][vc_column_text]<strong><span class=\"s1\">CUADERNO DE BIT\u00c1CORA<\/span><\/strong><\/p>\n<p class=\"p1\"><span class=\"s1\">Fascinado por el exotismo, la est\u00e9tica, la an\u00e9cdota, la belleza cotidiana, la muerte, la percepci\u00f3n humana, el paso del tiempo, la libertad, los temores, el simbolismo, la arquitectura &#8230; estas fotograf\u00edas hablan en definitiva de las mismas cuestiones que quiero reflejar en la totalidad de mi obra.<\/span><\/p>\n<p class=\"p1\"><span class=\"s1\">Como si fuera el cuaderno de bit\u00e1cora en el que rigurosamente anotaban todas las incidencias los pilotos de los barcos mercantes, las fotograf\u00edas de esta selecci\u00f3n son como apuntes hechos aqu\u00ed y all\u00e1 que tratan de las inquietudes que me conmueven.<\/span><\/p>\n<p class=\"p1\"><span class=\"s1\">El conjunto es como un caj\u00f3n de sastre en el que cabe toda fotograf\u00eda tomada sin voluntad de formar parte de una serie de im\u00e1genes que expliquen ning\u00fan tema en concreto. S\u00f3lo tienen en com\u00fan ese momento m\u00e1gico en que veo una imagen que a la velocidad de un rayo me emociona y la capto.<\/span><\/p>\n<p>[vc_empty_space height=\u00bb30px\u00bb][\/vc_column_text][\/vc_column][\/vc_row][vc_row][vc_column][vc_masonry_media_grid element_width=\u00bb3&#8243; gap=\u00bb15&#8243; grid_id=\u00bbvc_gid:1645550731461-453c6ef6-b6fd-2&#8243; include=\u00bb837,840,1034,853,863,869,866,856,850,886,860,1035,882,921,924,843,876,918,1037,177,879,792,872,181,185,189,193,963,968,76,78,103,107,121,150,158,114,126,119,163,154,174,66,72,170,22,27,44,15,1038,31,37,39,58,62,49,56,1432,1433,1434,1435,1547,1548,1549,1550,1551,1552,1553,1554,1555,1556,1557,1558,1559,1560,1561&#8243;][\/vc_column][\/vc_row]<\/p>\n<\/div>","protected":false},"excerpt":{"rendered":"<p>[vc_row][vc_column][vc_column_text]CUADERNO DE BIT\u00c1CORA Fascinado por el exotismo, la est\u00e9tica, la an\u00e9cdota, la belleza cotidiana, la muerte, la percepci\u00f3n humana, el paso del tiempo, la libertad, los temores, el simbolismo, la arquitectura &#8230; estas fotograf\u00edas hablan en definitiva de las mismas cuestiones que quiero reflejar en la totalidad de mi obra. Como si fuera el cuaderno&hellip;<\/p>\n","protected":false},"author":1,"featured_media":0,"parent":0,"menu_order":0,"comment_status":"closed","ping_status":"closed","template":"","meta":{"footnotes":""},"class_list":["post-1032","page","type-page","status-publish","hentry","description-off"],"translation":{"provider":"WPGlobus","version":"3.0.2","language":"es","enabled_languages":["ca","es","gb"],"languages":{"ca":{"title":true,"content":true,"excerpt":false},"es":{"title":true,"content":true,"excerpt":false},"gb":{"title":true,"content":true,"excerpt":false}}},"_links":{"self":[{"href":"https:\/\/jaumebuxeda.cat\/es\/wp-json\/wp\/v2\/pages\/1032"}],"collection":[{"href":"https:\/\/jaumebuxeda.cat\/es\/wp-json\/wp\/v2\/pages"}],"about":[{"href":"https:\/\/jaumebuxeda.cat\/es\/wp-json\/wp\/v2\/types\/page"}],"author":[{"embeddable":true,"href":"https:\/\/jaumebuxeda.cat\/es\/wp-json\/wp\/v2\/users\/1"}],"replies":[{"embeddable":true,"href":"https:\/\/jaumebuxeda.cat\/es\/wp-json\/wp\/v2\/comments?post=1032"}],"version-history":[{"count":11,"href":"https:\/\/jaumebuxeda.cat\/es\/wp-json\/wp\/v2\/pages\/1032\/revisions"}],"predecessor-version":[{"id":1562,"href":"https:\/\/jaumebuxeda.cat\/es\/wp-json\/wp\/v2\/pages\/1032\/revisions\/1562"}],"wp:attachment":[{"href":"https:\/\/jaumebuxeda.cat\/es\/wp-json\/wp\/v2\/media?parent=1032"}],"curies":[{"name":"wp","href":"https:\/\/api.w.org\/{rel}","templated":true}]}}