{"id":1026,"date":"2021-02-09T18:49:37","date_gmt":"2021-02-09T18:49:37","guid":{"rendered":"https:\/\/web.jaumebuxeda.cat\/?page_id=1026"},"modified":"2024-05-25T05:57:20","modified_gmt":"2024-05-25T05:57:20","slug":"pors","status":"publish","type":"page","link":"https:\/\/jaumebuxeda.cat\/es\/pors","title":{"rendered":"Miedos"},"content":{"rendered":"<div class=\"wpb-content-wrapper\"><p>[vc_row][vc_column width=\u00bb1\/2&#8243;][vc_column_text]<\/p>\n<p class=\"p1\"><strong><span class=\"s1\">MIEDOS<\/span><\/strong><\/p>\n<p class=\"p1\"><span class=\"s1\">Miedos es cronol\u00f3gica y estil\u00edsticamente la continuaci\u00f3n natural de \u201ctransmutas\u201d.<\/span><\/p>\n<p class=\"p1\"><span class=\"s1\">En esta ocasi\u00f3n el trabajo abandona los cuerpos y se centra en el rostro de las actrices y actores fotografiados. Empleando la misma t\u00e9cnica que la anterior serie surgen unas expresiones faciales que nos llevan a imaginar los miedos que nos acompa\u00f1an durante nuestra existencia.<\/span><\/p>\n<p class=\"p1\"><span class=\"s1\">El miedo se define como una perturbaci\u00f3n angustiosa del \u00e1nimo consecuencia de la percepci\u00f3n de un peligro ya sea real o totalmente infundado.<\/span><\/p>\n<p class=\"p1\"><span class=\"s1\">Hay diferentes maneras de expresarlas, cada individuo \/ situaci\u00f3n puede exteriorizar los diferentes grados como: desconfianza, temor, p\u00e1nico, fobia, terror \u2026 llegando incluso a necesitar tratamiento psiqui\u00e1trico.<\/span><\/p>\n<p class=\"p1\"><span class=\"s1\">Las formas fantasmag\u00f3ricas de las fotograf\u00edas nos evocan los espectros y las imaginaciones tenebrosas que el subconsciente fabrica transport\u00e1ndonos a los miedos vividas desde la infancia.<\/span><\/p>\n<p class=\"p1\"><span class=\"s1\">Fecha:1994<\/span><\/p>\n<p class=\"p1\"><span class=\"s1\">Medidas: 20 X 40 cms.<\/span><\/p>\n<p class=\"p1\"><span class=\"s1\">Num. de imagenes: 23<\/span><\/p>\n<p class=\"p1\"><span class=\"s1\">Copias montadas en bastidor<\/span><\/p>\n<p class=\"p1\"><span class=\"s1\">Papel clorobromuro<\/span><\/p>\n<p class=\"p1\"><span class=\"s1\">Instalaci\u00f3n: Sala peque\u00f1a y oscura con luz de penumbra<\/span><\/p>\n<p>[\/vc_column_text][vc_single_image image=\u00bb827&#8243; img_size=\u00bbmedium\u00bb][vc_single_image image=\u00bb830&#8243; img_size=\u00bbmedium\u00bb][vc_single_image image=\u00bb941&#8243; img_size=\u00bbmedium\u00bb][vc_single_image image=\u00bb938&#8243; img_size=\u00bbmedium\u00bb][\/vc_column][vc_column width=\u00bb1\/2&#8243;][vc_media_grid element_width=\u00bb6&#8243; gap=\u00bb15&#8243; item=\u00bbmasonryMedia_Default\u00bb grid_id=\u00bbvc_gid:1612896520701-736b7fbc-797c-6&#8243; include=\u00bb654,649,644,639,634,629,624,619,614,609,604,594,589,584,599,579,574,564,559,549,542,313,1029&#8243;][\/vc_column][\/vc_row]<\/p>\n<\/div>","protected":false},"excerpt":{"rendered":"<p>[vc_row][vc_column width=\u00bb1\/2&#8243;][vc_column_text] MIEDOS Miedos es cronol\u00f3gica y estil\u00edsticamente la continuaci\u00f3n natural de \u201ctransmutas\u201d. En esta ocasi\u00f3n el trabajo abandona los cuerpos y se centra en el rostro de las actrices y actores fotografiados. Empleando la misma t\u00e9cnica que la anterior serie surgen unas expresiones faciales que nos llevan a imaginar los miedos que nos acompa\u00f1an&hellip;<\/p>\n","protected":false},"author":1,"featured_media":0,"parent":0,"menu_order":0,"comment_status":"closed","ping_status":"closed","template":"","meta":{"footnotes":""},"class_list":["post-1026","page","type-page","status-publish","hentry","description-off"],"translation":{"provider":"WPGlobus","version":"3.0.2","language":"es","enabled_languages":["ca","es","gb"],"languages":{"ca":{"title":true,"content":true,"excerpt":false},"es":{"title":true,"content":true,"excerpt":false},"gb":{"title":true,"content":true,"excerpt":false}}},"_links":{"self":[{"href":"https:\/\/jaumebuxeda.cat\/es\/wp-json\/wp\/v2\/pages\/1026"}],"collection":[{"href":"https:\/\/jaumebuxeda.cat\/es\/wp-json\/wp\/v2\/pages"}],"about":[{"href":"https:\/\/jaumebuxeda.cat\/es\/wp-json\/wp\/v2\/types\/page"}],"author":[{"embeddable":true,"href":"https:\/\/jaumebuxeda.cat\/es\/wp-json\/wp\/v2\/users\/1"}],"replies":[{"embeddable":true,"href":"https:\/\/jaumebuxeda.cat\/es\/wp-json\/wp\/v2\/comments?post=1026"}],"version-history":[{"count":8,"href":"https:\/\/jaumebuxeda.cat\/es\/wp-json\/wp\/v2\/pages\/1026\/revisions"}],"predecessor-version":[{"id":1480,"href":"https:\/\/jaumebuxeda.cat\/es\/wp-json\/wp\/v2\/pages\/1026\/revisions\/1480"}],"wp:attachment":[{"href":"https:\/\/jaumebuxeda.cat\/es\/wp-json\/wp\/v2\/media?parent=1026"}],"curies":[{"name":"wp","href":"https:\/\/api.w.org\/{rel}","templated":true}]}}