{"id":1023,"date":"2021-02-09T17:21:02","date_gmt":"2021-02-09T17:21:02","guid":{"rendered":"https:\/\/web.jaumebuxeda.cat\/?page_id=1023"},"modified":"2024-05-20T16:47:47","modified_gmt":"2024-05-20T16:47:47","slug":"politica-de-cookies","status":"publish","type":"page","link":"https:\/\/jaumebuxeda.cat\/es\/politica-de-cookies","title":{"rendered":"Pol\u00edtica de Cookies"},"content":{"rendered":"<h2><b>\u00bfQu\u00e9 es una cookie?<\/b><\/h2>\n<p>Las cookies son peque\u00f1os archivos, que se almacenan en el dispositivo que utiliza para navegar a trav\u00e9s de Internet y que pueden guardar informaci\u00f3n relativa a la frecuencia con que visita la p\u00e1gina web, sus preferencias de navegaci\u00f3n.<\/p>\n<p>Las cookies son esenciales para el funcionamiento de Internet; no pueden da\u00f1ar el equipo\/dispositivo del usuario.<\/p>\n<p>Las cookies ayudan a:<\/p>\n<p><b>\u2013<\/b>\u00a0El correcto funcionamiento de \u00e9sta web y recordar sus ajustes para ahorrarle tiempo.<\/p>\n<p><b>\u2013<\/b>\u00a0Visualizar videos, sin ellas no podr\u00eda.<\/p>\n<p><b>\u2013<\/b>\u00a0que pueda dejar comentarios<\/p>\n<p><b>\u2013<\/b>\u00a0que pueda compartir el contenido en las redes sociales.<\/p>\n<p><b>\u2013<\/b>\u00a0mejorar la web gracias a la anal\u00edtica.<\/p>\n<p><b>\u2013<\/b>\u00a0mejorar la velocidad y seguridad de la web.<\/p>\n<p>Puede bloquear las cookies mediante la configuraci\u00f3n de tu navegador. Si lo hace, esta web no funcionar\u00e1 adecuadamente.<\/p>\n<p>Instrucciones para bloquear las cookies seg\u00fan el Navegador que est\u00e9 utilizando:<\/p>\n<p><a href=\"http:\/\/support.google.com\/chrome\/bin\/answer.py?hl=es-419&#038;answer=95647\">Google Chrome<\/a>\u00a0\u2013\u00a0<a href=\"http:\/\/windows.microsoft.com\/es-xl\/internet-explorer\/delete-manage-cookies#ie=ie-10\">Internet Explorer<\/a>\u00a0\u2013\u00a0<a href=\"http:\/\/support.mozilla.org\/es\/kb\/habilitar-y-deshabilitar-cookies-que-los-sitios-we\">Mozilla Firefox<\/a>\u00a0\u2013\u00a0<a href=\"http:\/\/support.apple.com\/kb\/HT1677?viewlocale=es_ES%20%97%20http:\/\/support.apple.com\/kb\/ph5042\">Apple Safari<\/a><\/p>\n<p>Recuerde que si sigue navegando por la web se entiende que acepta su uso.<\/p>\n<h3>Cookies de terceros:<\/h3>\n<p>&nbsp;<\/p>\n<h4><b>Cookies de WordPress<\/b><\/h4>\n<p>Con el fin de reconocerle y prestarle un mejor servicio,<\/p>\n<h4><b>Cookies de redes sociales<\/b><\/h4>\n<p>Estas cookies pueden almacenarse en tu navegador mientras navegas por la web, y cada una de las redes sociales tiene sus propias pol\u00edticas de cookies:<\/p>\n<p>\u2013 Cookies de Facebook, seg\u00fan lo dispuesto en su\u00a0<a href=\"https:\/\/www.facebook.com\/policies\/cookies\/\">Pol\u00edtica de Cookies<\/a><\/p>\n","protected":false},"excerpt":{"rendered":"<p>\u00bfQu\u00e9 es una cookie? Las cookies son peque\u00f1os archivos, que se almacenan en el dispositivo que utiliza para navegar a trav\u00e9s de Internet y que pueden guardar informaci\u00f3n relativa a la frecuencia con que visita la p\u00e1gina web, sus preferencias de navegaci\u00f3n. Las cookies son esenciales para el funcionamiento de Internet; no pueden da\u00f1ar el&hellip;<\/p>\n","protected":false},"author":1,"featured_media":0,"parent":0,"menu_order":0,"comment_status":"closed","ping_status":"closed","template":"","meta":{"footnotes":""},"class_list":["post-1023","page","type-page","status-publish","hentry","description-off"],"translation":{"provider":"WPGlobus","version":"3.0.2","language":"es","enabled_languages":["ca","es","gb"],"languages":{"ca":{"title":true,"content":true,"excerpt":false},"es":{"title":true,"content":true,"excerpt":false},"gb":{"title":true,"content":true,"excerpt":false}}},"_links":{"self":[{"href":"https:\/\/jaumebuxeda.cat\/es\/wp-json\/wp\/v2\/pages\/1023"}],"collection":[{"href":"https:\/\/jaumebuxeda.cat\/es\/wp-json\/wp\/v2\/pages"}],"about":[{"href":"https:\/\/jaumebuxeda.cat\/es\/wp-json\/wp\/v2\/types\/page"}],"author":[{"embeddable":true,"href":"https:\/\/jaumebuxeda.cat\/es\/wp-json\/wp\/v2\/users\/1"}],"replies":[{"embeddable":true,"href":"https:\/\/jaumebuxeda.cat\/es\/wp-json\/wp\/v2\/comments?post=1023"}],"version-history":[{"count":1,"href":"https:\/\/jaumebuxeda.cat\/es\/wp-json\/wp\/v2\/pages\/1023\/revisions"}],"predecessor-version":[{"id":1024,"href":"https:\/\/jaumebuxeda.cat\/es\/wp-json\/wp\/v2\/pages\/1023\/revisions\/1024"}],"wp:attachment":[{"href":"https:\/\/jaumebuxeda.cat\/es\/wp-json\/wp\/v2\/media?parent=1023"}],"curies":[{"name":"wp","href":"https:\/\/api.w.org\/{rel}","templated":true}]}}