{"id":1019,"date":"2021-02-09T17:17:48","date_gmt":"2021-02-09T17:17:48","guid":{"rendered":"https:\/\/web.jaumebuxeda.cat\/?page_id=1019"},"modified":"2024-05-25T05:55:40","modified_gmt":"2024-05-25T05:55:40","slug":"murs","status":"publish","type":"page","link":"https:\/\/jaumebuxeda.cat\/es\/murs","title":{"rendered":"MUROS"},"content":{"rendered":"<div class=\"wpb-content-wrapper\"><p>[vc_row][vc_column width=\u00bb1\/2&#8243;][vc_column_text]<\/p>\n<p class=\"p1\"><strong><span class=\"s1\">MUROS<\/span><\/strong><\/p>\n<p class=\"p1\"><span class=\"s1\">Muro: Pared gruesa que soporta el peso de un edificio o lo limita verticalmente el interior. (Definici\u00f3n del I.E.C.)<\/span><\/p>\n<p class=\"p1\"><span class=\"s1\">Desde el principio de su historia, la humanidad ha intentado el gesto de poner una piedra sobre otra como un acto simb\u00f3lico de poder y de comunicaci\u00f3n con el m\u00e1s all\u00e1. Cuando m\u00e1s grande y majestuosa sea la construcci\u00f3n hecha con piedras, m\u00e1s poder representa.<\/span><\/p>\n<p class=\"p1\"><span class=\"s1\">En muchas culturas este hecho, en principio simple, con el tiempo se ha convertido primeramente en la construcci\u00f3n de un muro, m\u00e1s tarde de un cerrado, despu\u00e9s de una casa y as\u00ed complicado el simple gesto de poner una piedra sobre la otra ha realizado construcciones notables y maravillosas.<\/span><\/p>\n<p class=\"p1\"><span class=\"s1\">La sociedad a menudo se empe\u00f1a en trazar recorridos -ya sean f\u00edsicos o mentales- seguros, fijas, estables, permitidos y por tanto prohibiendo otros. El paradigma del muro \/ cerrado \/ casa \/ edificio es la ciudad. Con su infinidad de muros provoca miles de recorridos consentidos pero castrando a otros, impidiendo o limitando la libre circulaci\u00f3n, acotando los \u00e1mbitos con la consecuente p\u00e9rdida, querida o no, de libertad m\u00f3vil por el espacio -ya sea f\u00edsico o mental-<\/span><\/p>\n<p class=\"p1\"><span class=\"s1\">Fecha:1989<\/span><\/p>\n<p class=\"p1\"><span class=\"s1\">Medidas: 100 X 100 cms.<\/span><\/p>\n<p class=\"p1\"><span class=\"s1\">Num. de im\u00e1genes: 10<\/span><\/p>\n<p class=\"p1\"><span class=\"s1\">Copias montadas en bastidor<\/span><\/p>\n<p class=\"p1\"><span class=\"s1\">Papel clorobromuro<\/span><\/p>\n<p>[\/vc_column_text][vc_single_image image=\u00bb927&#8243; img_size=\u00bbmedium\u00bb][vc_single_image image=\u00bb935&#8243; img_size=\u00bbmedium\u00bb][\/vc_column][vc_column width=\u00bb1\/2&#8243;][vc_media_grid element_width=\u00bb6&#8243; gap=\u00bb15&#8243; item=\u00bbmasonryMedia_Default\u00bb grid_id=\u00bbvc_gid:1612890895986-cb76d510-d835-5&#8243; include=\u00bb447,438,433,428,423,418,413,408&#8243;][\/vc_column][\/vc_row]<\/p>\n<\/div>","protected":false},"excerpt":{"rendered":"<p>[vc_row][vc_column width=\u00bb1\/2&#8243;][vc_column_text] MUROS Muro: Pared gruesa que soporta el peso de un edificio o lo limita verticalmente el interior. (Definici\u00f3n del I.E.C.) Desde el principio de su historia, la humanidad ha intentado el gesto de poner una piedra sobre otra como un acto simb\u00f3lico de poder y de comunicaci\u00f3n con el m\u00e1s all\u00e1. Cuando m\u00e1s&hellip;<\/p>\n","protected":false},"author":1,"featured_media":0,"parent":0,"menu_order":0,"comment_status":"closed","ping_status":"closed","template":"","meta":{"footnotes":""},"class_list":["post-1019","page","type-page","status-publish","hentry","description-off"],"translation":{"provider":"WPGlobus","version":"3.0.2","language":"es","enabled_languages":["ca","es","gb"],"languages":{"ca":{"title":true,"content":true,"excerpt":false},"es":{"title":true,"content":true,"excerpt":false},"gb":{"title":true,"content":true,"excerpt":false}}},"_links":{"self":[{"href":"https:\/\/jaumebuxeda.cat\/es\/wp-json\/wp\/v2\/pages\/1019"}],"collection":[{"href":"https:\/\/jaumebuxeda.cat\/es\/wp-json\/wp\/v2\/pages"}],"about":[{"href":"https:\/\/jaumebuxeda.cat\/es\/wp-json\/wp\/v2\/types\/page"}],"author":[{"embeddable":true,"href":"https:\/\/jaumebuxeda.cat\/es\/wp-json\/wp\/v2\/users\/1"}],"replies":[{"embeddable":true,"href":"https:\/\/jaumebuxeda.cat\/es\/wp-json\/wp\/v2\/comments?post=1019"}],"version-history":[{"count":5,"href":"https:\/\/jaumebuxeda.cat\/es\/wp-json\/wp\/v2\/pages\/1019\/revisions"}],"predecessor-version":[{"id":1100,"href":"https:\/\/jaumebuxeda.cat\/es\/wp-json\/wp\/v2\/pages\/1019\/revisions\/1100"}],"wp:attachment":[{"href":"https:\/\/jaumebuxeda.cat\/es\/wp-json\/wp\/v2\/media?parent=1019"}],"curies":[{"name":"wp","href":"https:\/\/api.w.org\/{rel}","templated":true}]}}