{"id":1014,"date":"2021-02-09T17:09:13","date_gmt":"2021-02-09T17:09:13","guid":{"rendered":"https:\/\/web.jaumebuxeda.cat\/?page_id=1014"},"modified":"2024-05-25T05:58:39","modified_gmt":"2024-05-25T05:58:39","slug":"llicons-des-de-la-tomba","status":"publish","type":"page","link":"https:\/\/jaumebuxeda.cat\/es\/llicons-des-de-la-tomba","title":{"rendered":"LECCIONES DESDE LA TUMBA"},"content":{"rendered":"<div class=\"wpb-content-wrapper\"><p>[vc_row][vc_column width=\u00bb1\/2&#8243;][vc_column_text]<\/p>\n<p class=\"p1\"><strong><span class=\"s1\">LECCIONES DESDE LA TUMBA<\/span><\/strong><\/p>\n<p class=\"p1\"><span class=\"s1\">Muchas veces peque\u00f1os detalles como un sutil olor, una luz, un paisaje, una atm\u00f3sfera, nos evocan a personas que en alg\u00fan momento han compartido con nosotros un pedazo<span class=\"Apple-converted-space\">\u00a0\u00a0<\/span>de vida.<\/span><\/p>\n<p class=\"p1\"><span class=\"s1\">Lecciones desde la tumba es una propuesta que reflexiona sobre<span class=\"Apple-converted-space\">\u00a0\u00a0<\/span>los recuerdos de familiares, amigos o sencillamente seres humanos que hemos conocido y que ahora ya no est\u00e1n, que<span class=\"Apple-converted-space\">\u00a0\u00a0<\/span>nos han dejado, que han muerto.<\/span><\/p>\n<p class=\"p1\"><span class=\"s1\">La serie rinde homenaje a todos ellos que, con toda la intenci\u00f3n o sin querer hacerlo, nos han hecho ver otros conceptos vitales e incluso han cambiado nuestras ideas sobre determinados aspectos. Conceptos que todav\u00eda recordamos ya menudo meditamos. Por mucho que el tiempo pase y la vida contin\u00fae su recuerdo a\u00fan perdura en nosotros.<\/span><\/p>\n<p class=\"p1\"><span class=\"s1\">Todo ello queda escenificado en esta serie de fotograf\u00edas de car\u00e1cter intimista, donde los elementos que las conforman, como son las flores marchitas, la madera, los jarrones de vidrio\u2026 juegan a ser elementos simb\u00f3licos de la iconograf\u00eda obituaria.<\/span><\/p>\n<p class=\"p1\">FECHA: 2000<br \/>\nMEDIDAS: 9 X 12 cm<br \/>\nN\u00daMERO DE IM\u00c1GENES: 17<br \/>\nPAPEL: cloro-bromuro, Ilford Warmtone FB<br \/>\nSERIE EXCLUSIVA: Copias montadas sobre cartulina gofrada en marcos de madera 23 x 18 x 4,5 cm<\/p>\n<p>[\/vc_column_text][vc_single_image image=\u00bb1495&#8243; img_size=\u00bblarge\u00bb][\/vc_column][vc_column width=\u00bb1\/2&#8243;][vc_media_grid element_width=\u00bb6&#8243; gap=\u00bb15&#8243; item=\u00bbmasonryMedia_Default\u00bb initial_loading_animation=\u00bbnone\u00bb grid_id=\u00bbvc_gid:1612890410239-c7fc60ec-31e8-5&#8243; include=\u00bb686,681,676,671,664,741,659,731,736,691,696,701,706,711,716,726,721&#8243;][\/vc_column][\/vc_row]<\/p>\n<\/div>","protected":false},"excerpt":{"rendered":"<p>[vc_row][vc_column width=\u00bb1\/2&#8243;][vc_column_text] LECCIONES DESDE LA TUMBA Muchas veces peque\u00f1os detalles como un sutil olor, una luz, un paisaje, una atm\u00f3sfera, nos evocan a personas que en alg\u00fan momento han compartido con nosotros un pedazo\u00a0\u00a0de vida. Lecciones desde la tumba es una propuesta que reflexiona sobre\u00a0\u00a0los recuerdos de familiares, amigos o sencillamente seres humanos que hemos&hellip;<\/p>\n","protected":false},"author":1,"featured_media":0,"parent":0,"menu_order":0,"comment_status":"closed","ping_status":"closed","template":"","meta":{"footnotes":""},"class_list":["post-1014","page","type-page","status-publish","hentry","description-off"],"translation":{"provider":"WPGlobus","version":"3.0.2","language":"es","enabled_languages":["ca","es","gb"],"languages":{"ca":{"title":true,"content":true,"excerpt":false},"es":{"title":true,"content":true,"excerpt":false},"gb":{"title":true,"content":true,"excerpt":false}}},"_links":{"self":[{"href":"https:\/\/jaumebuxeda.cat\/es\/wp-json\/wp\/v2\/pages\/1014"}],"collection":[{"href":"https:\/\/jaumebuxeda.cat\/es\/wp-json\/wp\/v2\/pages"}],"about":[{"href":"https:\/\/jaumebuxeda.cat\/es\/wp-json\/wp\/v2\/types\/page"}],"author":[{"embeddable":true,"href":"https:\/\/jaumebuxeda.cat\/es\/wp-json\/wp\/v2\/users\/1"}],"replies":[{"embeddable":true,"href":"https:\/\/jaumebuxeda.cat\/es\/wp-json\/wp\/v2\/comments?post=1014"}],"version-history":[{"count":6,"href":"https:\/\/jaumebuxeda.cat\/es\/wp-json\/wp\/v2\/pages\/1014\/revisions"}],"predecessor-version":[{"id":1497,"href":"https:\/\/jaumebuxeda.cat\/es\/wp-json\/wp\/v2\/pages\/1014\/revisions\/1497"}],"wp:attachment":[{"href":"https:\/\/jaumebuxeda.cat\/es\/wp-json\/wp\/v2\/media?parent=1014"}],"curies":[{"name":"wp","href":"https:\/\/api.w.org\/{rel}","templated":true}]}}