{"id":1007,"date":"2021-02-09T17:01:51","date_gmt":"2021-02-09T17:01:51","guid":{"rendered":"https:\/\/web.jaumebuxeda.cat\/?page_id=1007"},"modified":"2026-04-17T18:17:49","modified_gmt":"2026-04-17T18:17:49","slug":"idols","status":"publish","type":"page","link":"https:\/\/jaumebuxeda.cat\/es\/idols","title":{"rendered":"IDOLOS"},"content":{"rendered":"<div class=\"wpb-content-wrapper\"><p>[vc_row][vc_column width=\u00bb1\/2&#8243;][vc_column_text]<\/p>\n<p class=\"p1\"><strong><span class=\"s1\">\u00cdDOLOS<\/span><\/strong><\/p>\n<p class=\"p1\"><span class=\"s1\">El \u00eddolo es una representaci\u00f3n de un referente natural o imaginario al que se le atribuyen determinados poderes sagrados.<\/span><\/p>\n<p class=\"p1\"><span class=\"s1\">La adoraci\u00f3n al \u00eddolo es tan antigua como la humanidad. En los albores de las primeras culturas humanas ya se encuentran referencias id\u00f3latras. Esto demuestra que el hombre siempre ha tenido la necesidad de visualizar de una manera tangible lo que no est\u00e1 a su alcance, que es superior a \u00e9l, que se le escapa a sus conocimientos, a sus habilidades &#8230;<\/span><\/p>\n<p class=\"p1\"><span class=\"s1\">Desde que el ser humano ha tenido capacidad de razonamiento ha sabido que la vida ten\u00eda fin, el miedo a lo desconocido despu\u00e9s de la muerte ha hecho que se inventara teor\u00edas que dieran continuidad a su existencia. De este modo han ido surgiendo las diferentes religiones.<\/span><\/p>\n<p class=\"p1\"><span class=\"s1\">Algunas de las im\u00e1genes que utilizan estas creencias como Cristo, Buda, Lucifer, Tor, brama, Zeus, Manit\u00fa, J\u00fapiter, Hestia &#8230; representan \u00eddolos que en diferentes tiempos y culturas han sido o est\u00e1n ligadas a creencias muchas veces inveros\u00edmiles o fant\u00e1sticas pero seguidas fielmente por millones de personas. Todas ellas simbolizan un ser supremo que promete la vida en otra dimensi\u00f3n despu\u00e9s de la muerte. Estos iconos quieren expresar la necesidad de creer en la existencia de un ser \u00absuperior\u00bb, a menudo humanizado, que todo lo domina y que es el \u00fanico responsable de las alegr\u00edas y sufrimientos que afectan a los mortales.<\/span><\/p>\n<p class=\"p1\"><span class=\"s1\">Los l\u00edderes religiosos utilizando las diferentes doctrinas de las religiones y la fe de las personas han encontrado una manera de servir a sus intereses y \/ o los de la clase dominante.<\/span><\/p>\n<p class=\"p1\"><span class=\"s1\">Con la promesa de una vida paradis\u00edaca despu\u00e9s de la muerte si segu\u00edan estrictamente las ordenanzas sagradas o las amenazas de castigos eternos e infiernos insalvables si no son fieles a la voluntad divina, han llevado a los pueblos someterlos seg\u00fan su inter\u00e9s. Esto ha permitido ejecutar uno de los m\u00e1s h\u00e1biles dominios sobre la humanidad.<\/span><\/p>\n<p class=\"p1\"><span class=\"s1\">Por otra parte actualmente existe un culto al \u00eddolo que no es estrictamente religioso aunque en muchos casos tiene connotaciones sectarias. Los llamados \u00ab\u00eddolos de masas\u00bb se utilizan como ejemplo a seguir. Gobernantes, deportistas, cantantes e infinidad de personajes p\u00fablicos han sido presentados como modelos a imitar. Las masas toman como referente a estos personajes, imitan su manera de vivir y sus supuestas virtudes. Sin ninguna promesa sobrenatural, est\u00e1 claro que en estos casos la intenci\u00f3n econ\u00f3mica o pol\u00edtica es la que vertebra este culto al \u00eddolo.<\/span><\/p>\n<p class=\"p1\"><span class=\"s1\">Las fotograf\u00edas de esta serie son una recopilaci\u00f3n de im\u00e1genes donde se presentan \u00eddolos de diferentes culturas. En todas ellas hay diferentes figuraciones: unas religiosas, otros que no tienen que ver directamente con ninguna doctrina pero todas tienen el com\u00fan denominador de ser una representaci\u00f3n admirada o adorada por una comunidad m\u00e1s o menos numerosa y utilizada para sacar provecho de un modo u otro.<\/span><\/p>\n<p class=\"p1\"><span class=\"s1\">MEDIDAS: 50 X 50 cm<\/span><\/p>\n<p class=\"p1\"><span class=\"s1\">N\u00daMERO DE IM\u00c1GENES: 25 (en progreso)<\/span><\/p>\n<p class=\"p1\"><span class=\"s1\">Copias 50 x 50 sobre papel 60 x 80<\/span><\/p>\n<p class=\"p1\"><span class=\"s1\">Papel Hahnem\u00fchlemat. copia Gicl\u00e9e<\/span><\/p>\n<p>[\/vc_column_text][vc_single_image image=\u00bb1127&#8243; img_size=\u00bbmedium\u00bb][vc_single_image image=\u00bb1126&#8243; img_size=\u00bbmedium\u00bb][vc_single_image image=\u00bb1125&#8243; img_size=\u00bbmedium\u00bb][vc_single_image image=\u00bb1124&#8243; img_size=\u00bbmedium\u00bb][\/vc_column][vc_column width=\u00bb1\/2&#8243;][vc_media_grid element_width=\u00bb6&#8243; gap=\u00bb15&#8243; item=\u00bbmasonryMedia_Default\u00bb css=\u00bb\u00bb grid_id=\u00bbvc_gid:1776448458598-bfdc3b28-23cf-10&#8243; include=\u00bb958,957,956,954,955,953,952,951,146,945,946,947,948,949,141,950,131,136,1616,1617,1618,1619,1620,1621,1622&#8243;]][\/vc_column][\/vc_row]<\/p>\n<\/div>","protected":false},"excerpt":{"rendered":"<p>[vc_row][vc_column width=\u00bb1\/2&#8243;][vc_column_text] \u00cdDOLOS El \u00eddolo es una representaci\u00f3n de un referente natural o imaginario al que se le atribuyen determinados poderes sagrados. La adoraci\u00f3n al \u00eddolo es tan antigua como la humanidad. En los albores de las primeras culturas humanas ya se encuentran referencias id\u00f3latras. Esto demuestra que el hombre siempre ha tenido la necesidad&hellip;<\/p>\n","protected":false},"author":1,"featured_media":0,"parent":0,"menu_order":0,"comment_status":"closed","ping_status":"closed","template":"","meta":{"footnotes":""},"class_list":["post-1007","page","type-page","status-publish","hentry","description-off"],"translation":{"provider":"WPGlobus","version":"3.0.2","language":"es","enabled_languages":["ca","es","gb"],"languages":{"ca":{"title":true,"content":true,"excerpt":false},"es":{"title":true,"content":true,"excerpt":false},"gb":{"title":true,"content":true,"excerpt":false}}},"_links":{"self":[{"href":"https:\/\/jaumebuxeda.cat\/es\/wp-json\/wp\/v2\/pages\/1007"}],"collection":[{"href":"https:\/\/jaumebuxeda.cat\/es\/wp-json\/wp\/v2\/pages"}],"about":[{"href":"https:\/\/jaumebuxeda.cat\/es\/wp-json\/wp\/v2\/types\/page"}],"author":[{"embeddable":true,"href":"https:\/\/jaumebuxeda.cat\/es\/wp-json\/wp\/v2\/users\/1"}],"replies":[{"embeddable":true,"href":"https:\/\/jaumebuxeda.cat\/es\/wp-json\/wp\/v2\/comments?post=1007"}],"version-history":[{"count":13,"href":"https:\/\/jaumebuxeda.cat\/es\/wp-json\/wp\/v2\/pages\/1007\/revisions"}],"predecessor-version":[{"id":1636,"href":"https:\/\/jaumebuxeda.cat\/es\/wp-json\/wp\/v2\/pages\/1007\/revisions\/1636"}],"wp:attachment":[{"href":"https:\/\/jaumebuxeda.cat\/es\/wp-json\/wp\/v2\/media?parent=1007"}],"curies":[{"name":"wp","href":"https:\/\/api.w.org\/{rel}","templated":true}]}}